{"id":117,"date":"2025-01-23T16:02:25","date_gmt":"2025-01-23T15:02:25","guid":{"rendered":"https:\/\/cosmoschinchillas.se\/?page_id=117"},"modified":"2025-02-11T08:35:31","modified_gmt":"2025-02-11T07:35:31","slug":"kontakt","status":"publish","type":"page","link":"https:\/\/www.cosmoschinchillas.se\/?page_id=117","title":{"rendered":"Kontakt"},"content":{"rendered":"\n<p>Har du fr\u00e5gor g\u00e4llande v\u00e5r f\u00f6reningen, avel, utst\u00e4llningar eller annat som r\u00f6r f\u00f6reningen och styrelsen? H\u00e4r nedan hittar du kontaktuppgifter till de olika avdelningarna.<\/p>\n\n\n\n<p><br><\/p>\n\n\n\n<div class=\"wp-block-media-text is-stacked-on-mobile\" style=\"grid-template-columns:40% auto\"><figure class=\"wp-block-media-text__media\"><img loading=\"lazy\" decoding=\"async\" width=\"1024\" height=\"1024\" src=\"https:\/\/cosmoschinchillas.se\/wp-content\/uploads\/2025\/01\/CAS-rund-med-linje-1024x1024.png\" alt=\"\" class=\"wp-image-283 size-full\" srcset=\"https:\/\/www.cosmoschinchillas.se\/wp-content\/uploads\/2025\/01\/CAS-rund-med-linje-1024x1024.png 1024w, https:\/\/www.cosmoschinchillas.se\/wp-content\/uploads\/2025\/01\/CAS-rund-med-linje-300x300.png 300w, https:\/\/www.cosmoschinchillas.se\/wp-content\/uploads\/2025\/01\/CAS-rund-med-linje-150x150.png 150w, https:\/\/www.cosmoschinchillas.se\/wp-content\/uploads\/2025\/01\/CAS-rund-med-linje-768x768.png 768w, https:\/\/www.cosmoschinchillas.se\/wp-content\/uploads\/2025\/01\/CAS-rund-med-linje-600x600.png 600w, https:\/\/www.cosmoschinchillas.se\/wp-content\/uploads\/2025\/01\/CAS-rund-med-linje-945x945.png 945w, https:\/\/www.cosmoschinchillas.se\/wp-content\/uploads\/2025\/01\/CAS-rund-med-linje.png 1299w\" sizes=\"auto, (max-width: 1024px) 100vw, 1024px\" \/><\/figure><div class=\"wp-block-media-text__content\">\n<p><strong>Utst\u00e4llningar:&nbsp;<\/strong><br>Kristina Hansen,&nbsp;<a href=\"mailto:kicki.hansen@hotmail.com\">kicki.hansen@hotmail.com<\/a><\/p>\n\n\n\n<p><strong>Medlemskap:&nbsp;<\/strong><br>Carina Svedberg,&nbsp;<a href=\"mailto:k.c.svedberg@gmail.com\">k.c.svedberg@gmail.com<\/a><\/p>\n\n\n\n<p><strong>Avel &amp; Uppf\u00f6dning:&nbsp;<\/strong><br>Anneli \u00c5kerman <a href=\"mailto:Anneli_pebbles@hotmail.com\">anneli_pebbles@hotmail.com<\/a><\/p>\n\n\n\n<p><strong>Styrelsefr\u00e5gor: <\/strong><br>Kristina Hansen,&nbsp;<a href=\"mailto:kicki.hansen@hotmail.com\">kicki.hansen@hotmail.com<\/a><\/p>\n<\/div><\/div>\n\n\n\n<p><\/p>\n","protected":false},"excerpt":{"rendered":"<p>Har du fr\u00e5gor g\u00e4llande v\u00e5r f\u00f6reningen, avel, utst\u00e4llningar eller annat som r\u00f6r f\u00f6reningen och styrelsen? H\u00e4r nedan hittar du kontaktuppgifter till de olika avdelningarna. Utst\u00e4llningar:&nbsp;Kristina Hansen,&nbsp;kicki.hansen@hotmail.com Medlemskap:&nbsp;Carina Svedberg,&nbsp;k.c.svedberg@gmail.com Avel &amp; Uppf\u00f6dning:&nbsp;Anneli \u00c5kerman anneli_pebbles@hotmail.com Styrelsefr\u00e5gor: Kristina Hansen,&nbsp;kicki.hansen@hotmail.com<\/p>\n","protected":false},"author":1,"featured_media":0,"parent":0,"menu_order":0,"comment_status":"closed","ping_status":"closed","template":"","meta":{"_kad_post_transparent":"","_kad_post_title":"","_kad_post_layout":"","_kad_post_sidebar_id":"","_kad_post_content_style":"","_kad_post_vertical_padding":"","_kad_post_feature":"","_kad_post_feature_position":"","_kad_post_header":false,"_kad_post_footer":false,"_kad_post_classname":"","footnotes":""},"class_list":["post-117","page","type-page","status-publish","hentry"],"_links":{"self":[{"href":"https:\/\/www.cosmoschinchillas.se\/index.php?rest_route=\/wp\/v2\/pages\/117","targetHints":{"allow":["GET"]}}],"collection":[{"href":"https:\/\/www.cosmoschinchillas.se\/index.php?rest_route=\/wp\/v2\/pages"}],"about":[{"href":"https:\/\/www.cosmoschinchillas.se\/index.php?rest_route=\/wp\/v2\/types\/page"}],"author":[{"embeddable":true,"href":"https:\/\/www.cosmoschinchillas.se\/index.php?rest_route=\/wp\/v2\/users\/1"}],"replies":[{"embeddable":true,"href":"https:\/\/www.cosmoschinchillas.se\/index.php?rest_route=%2Fwp%2Fv2%2Fcomments&post=117"}],"version-history":[{"count":10,"href":"https:\/\/www.cosmoschinchillas.se\/index.php?rest_route=\/wp\/v2\/pages\/117\/revisions"}],"predecessor-version":[{"id":696,"href":"https:\/\/www.cosmoschinchillas.se\/index.php?rest_route=\/wp\/v2\/pages\/117\/revisions\/696"}],"wp:attachment":[{"href":"https:\/\/www.cosmoschinchillas.se\/index.php?rest_route=%2Fwp%2Fv2%2Fmedia&parent=117"}],"curies":[{"name":"wp","href":"https:\/\/api.w.org\/{rel}","templated":true}]}}