{"id":138,"date":"2025-01-23T17:59:16","date_gmt":"2025-01-23T16:59:16","guid":{"rendered":"https:\/\/cosmoschinchillas.se\/?page_id=138"},"modified":"2025-01-26T00:54:06","modified_gmt":"2025-01-25T23:54:06","slug":"chinchilla-association-sweden","status":"publish","type":"page","link":"https:\/\/www.cosmoschinchillas.se\/?page_id=138","title":{"rendered":"Chinchilla Association Sweden"},"content":{"rendered":"\n<p><br>En ideell f\u00f6rening f\u00f6r s\u00e4llskapschinchilla. Hit \u00e4r alla v\u00e4lkomna och vi jobbar f\u00f6r att sprida kunskap och ge alla intresserade en gemenskap de kan k\u00e4nna sig trygga i.<br>V\u00e5ra utst\u00e4llningar \u00e4r \u00f6ppna och kostnadsfria f\u00f6r allm\u00e4nheten att bes\u00f6ka.<br><br>Vill du bli medlem? Klicka <a href=\"https:\/\/www.caschilla.se\/?page_id=721\" class=\"ek-link\">h\u00e4r <\/a>och l\u00e4s mer om vad det inneb\u00e4r.<\/p>\n\n\n\n<p><br><\/p>\n\n\n\n<figure class=\"wp-block-image size-large is-resized\"><img loading=\"lazy\" decoding=\"async\" width=\"1024\" height=\"1024\" src=\"https:\/\/cosmoschinchillas.se\/wp-content\/uploads\/2025\/01\/CAS-rund-med-linje-1024x1024.png\" alt=\"\" class=\"wp-image-283\" style=\"width:246px;height:auto\" srcset=\"https:\/\/www.cosmoschinchillas.se\/wp-content\/uploads\/2025\/01\/CAS-rund-med-linje-1024x1024.png 1024w, https:\/\/www.cosmoschinchillas.se\/wp-content\/uploads\/2025\/01\/CAS-rund-med-linje-300x300.png 300w, https:\/\/www.cosmoschinchillas.se\/wp-content\/uploads\/2025\/01\/CAS-rund-med-linje-150x150.png 150w, https:\/\/www.cosmoschinchillas.se\/wp-content\/uploads\/2025\/01\/CAS-rund-med-linje-768x768.png 768w, https:\/\/www.cosmoschinchillas.se\/wp-content\/uploads\/2025\/01\/CAS-rund-med-linje-600x600.png 600w, https:\/\/www.cosmoschinchillas.se\/wp-content\/uploads\/2025\/01\/CAS-rund-med-linje-945x945.png 945w, https:\/\/www.cosmoschinchillas.se\/wp-content\/uploads\/2025\/01\/CAS-rund-med-linje.png 1299w\" sizes=\"auto, (max-width: 1024px) 100vw, 1024px\" \/><\/figure>\n","protected":false},"excerpt":{"rendered":"<p>En ideell f\u00f6rening f\u00f6r s\u00e4llskapschinchilla. Hit \u00e4r alla v\u00e4lkomna och vi jobbar f\u00f6r att sprida kunskap och ge alla intresserade en gemenskap de kan k\u00e4nna sig trygga i.V\u00e5ra utst\u00e4llningar \u00e4r \u00f6ppna och kostnadsfria f\u00f6r allm\u00e4nheten att bes\u00f6ka. Vill du bli medlem? Klicka h\u00e4r och l\u00e4s mer om vad det inneb\u00e4r.<\/p>\n","protected":false},"author":1,"featured_media":0,"parent":0,"menu_order":0,"comment_status":"closed","ping_status":"closed","template":"","meta":{"_kad_post_transparent":"","_kad_post_title":"","_kad_post_layout":"","_kad_post_sidebar_id":"","_kad_post_content_style":"","_kad_post_vertical_padding":"","_kad_post_feature":"","_kad_post_feature_position":"","_kad_post_header":false,"_kad_post_footer":false,"_kad_post_classname":"","footnotes":""},"class_list":["post-138","page","type-page","status-publish","hentry"],"_links":{"self":[{"href":"https:\/\/www.cosmoschinchillas.se\/index.php?rest_route=\/wp\/v2\/pages\/138","targetHints":{"allow":["GET"]}}],"collection":[{"href":"https:\/\/www.cosmoschinchillas.se\/index.php?rest_route=\/wp\/v2\/pages"}],"about":[{"href":"https:\/\/www.cosmoschinchillas.se\/index.php?rest_route=\/wp\/v2\/types\/page"}],"author":[{"embeddable":true,"href":"https:\/\/www.cosmoschinchillas.se\/index.php?rest_route=\/wp\/v2\/users\/1"}],"replies":[{"embeddable":true,"href":"https:\/\/www.cosmoschinchillas.se\/index.php?rest_route=%2Fwp%2Fv2%2Fcomments&post=138"}],"version-history":[{"count":5,"href":"https:\/\/www.cosmoschinchillas.se\/index.php?rest_route=\/wp\/v2\/pages\/138\/revisions"}],"predecessor-version":[{"id":519,"href":"https:\/\/www.cosmoschinchillas.se\/index.php?rest_route=\/wp\/v2\/pages\/138\/revisions\/519"}],"wp:attachment":[{"href":"https:\/\/www.cosmoschinchillas.se\/index.php?rest_route=%2Fwp%2Fv2%2Fmedia&parent=138"}],"curies":[{"name":"wp","href":"https:\/\/api.w.org\/{rel}","templated":true}]}}