{"id":143,"date":"2025-01-23T18:01:09","date_gmt":"2025-01-23T17:01:09","guid":{"rendered":"https:\/\/cosmoschinchillas.se\/?page_id=143"},"modified":"2025-04-30T15:35:19","modified_gmt":"2025-04-30T13:35:19","slug":"till-salu","status":"publish","type":"page","link":"https:\/\/www.cosmoschinchillas.se\/?page_id=143","title":{"rendered":"Till salu"},"content":{"rendered":"\n<p>Vid intresse att k\u00f6pa chinchillor fr\u00e5n mig &#8211; skicka en intresseanm\u00e4lan via kontaktformul\u00e4ret, skriv lite om vad du har att erbjuda f\u00f6r hem och vad du s\u00f6ker samt dina kontaktuppgifter, s\u00e5 \u00e5terkopplar jag s\u00e5 snart jag kan.<br>Det \u00e4r inte f\u00f6rst till kvarn som g\u00e4ller, jag matchar r\u00e4tt chinchilla med r\u00e4tt hem.<\/p>\n\n\n\n<p><br><\/p>\n\n\n\n<figure class=\"wp-block-gallery has-nested-images columns-default is-cropped wp-block-gallery-1 is-layout-flex wp-block-gallery-is-layout-flex\">\n<figure class=\"wp-block-image size-large\"><img loading=\"lazy\" decoding=\"async\" width=\"1024\" height=\"683\" data-id=\"488\" src=\"https:\/\/cosmoschinchillas.se\/wp-content\/uploads\/2025\/01\/IMG_3609-1-1024x683.jpg\" alt=\"\" class=\"wp-image-488\" srcset=\"https:\/\/www.cosmoschinchillas.se\/wp-content\/uploads\/2025\/01\/IMG_3609-1-1024x683.jpg 1024w, https:\/\/www.cosmoschinchillas.se\/wp-content\/uploads\/2025\/01\/IMG_3609-1-300x200.jpg 300w, https:\/\/www.cosmoschinchillas.se\/wp-content\/uploads\/2025\/01\/IMG_3609-1-768x512.jpg 768w, https:\/\/www.cosmoschinchillas.se\/wp-content\/uploads\/2025\/01\/IMG_3609-1-1536x1024.jpg 1536w, https:\/\/www.cosmoschinchillas.se\/wp-content\/uploads\/2025\/01\/IMG_3609-1-2048x1365.jpg 2048w, https:\/\/www.cosmoschinchillas.se\/wp-content\/uploads\/2025\/01\/IMG_3609-1-600x400.jpg 600w, https:\/\/www.cosmoschinchillas.se\/wp-content\/uploads\/2025\/01\/IMG_3609-1-945x630.jpg 945w\" sizes=\"auto, (max-width: 1024px) 100vw, 1024px\" \/><\/figure>\n\n\n\n<figure class=\"wp-block-image size-large\"><img loading=\"lazy\" decoding=\"async\" width=\"1024\" height=\"683\" data-id=\"381\" src=\"https:\/\/cosmoschinchillas.se\/wp-content\/uploads\/2025\/01\/IMG_5054-1-1024x683.jpg\" alt=\"\" class=\"wp-image-381\" srcset=\"https:\/\/www.cosmoschinchillas.se\/wp-content\/uploads\/2025\/01\/IMG_5054-1-1024x683.jpg 1024w, https:\/\/www.cosmoschinchillas.se\/wp-content\/uploads\/2025\/01\/IMG_5054-1-300x200.jpg 300w, https:\/\/www.cosmoschinchillas.se\/wp-content\/uploads\/2025\/01\/IMG_5054-1-768x512.jpg 768w, https:\/\/www.cosmoschinchillas.se\/wp-content\/uploads\/2025\/01\/IMG_5054-1-1536x1024.jpg 1536w, https:\/\/www.cosmoschinchillas.se\/wp-content\/uploads\/2025\/01\/IMG_5054-1-2048x1365.jpg 2048w, https:\/\/www.cosmoschinchillas.se\/wp-content\/uploads\/2025\/01\/IMG_5054-1-600x400.jpg 600w, https:\/\/www.cosmoschinchillas.se\/wp-content\/uploads\/2025\/01\/IMG_5054-1-945x630.jpg 945w\" sizes=\"auto, (max-width: 1024px) 100vw, 1024px\" \/><\/figure>\n\n\n\n<figure class=\"wp-block-image size-large\"><img loading=\"lazy\" decoding=\"async\" width=\"1024\" height=\"710\" data-id=\"382\" src=\"https:\/\/cosmoschinchillas.se\/wp-content\/uploads\/2025\/01\/IMG_1762-1024x710.jpg\" alt=\"\" class=\"wp-image-382\" srcset=\"https:\/\/www.cosmoschinchillas.se\/wp-content\/uploads\/2025\/01\/IMG_1762-1024x710.jpg 1024w, https:\/\/www.cosmoschinchillas.se\/wp-content\/uploads\/2025\/01\/IMG_1762-300x208.jpg 300w, https:\/\/www.cosmoschinchillas.se\/wp-content\/uploads\/2025\/01\/IMG_1762-768x532.jpg 768w, https:\/\/www.cosmoschinchillas.se\/wp-content\/uploads\/2025\/01\/IMG_1762-1536x1065.jpg 1536w, https:\/\/www.cosmoschinchillas.se\/wp-content\/uploads\/2025\/01\/IMG_1762-2048x1420.jpg 2048w, https:\/\/www.cosmoschinchillas.se\/wp-content\/uploads\/2025\/01\/IMG_1762-600x416.jpg 600w, https:\/\/www.cosmoschinchillas.se\/wp-content\/uploads\/2025\/01\/IMG_1762-945x655.jpg 945w\" sizes=\"auto, (max-width: 1024px) 100vw, 1024px\" \/><\/figure>\n<\/figure>\n\n\n\n<p><br><br><\/p>\n\n\n\n<div class=\"wp-block-media-text is-stacked-on-mobile\"><figure class=\"wp-block-media-text__media\"><img loading=\"lazy\" decoding=\"async\" width=\"1024\" height=\"683\" src=\"https:\/\/cosmoschinchillas.se\/wp-content\/uploads\/2025\/01\/IMG_3334-1024x683.jpg\" alt=\"\" class=\"wp-image-403 size-full\" srcset=\"https:\/\/www.cosmoschinchillas.se\/wp-content\/uploads\/2025\/01\/IMG_3334-1024x683.jpg 1024w, https:\/\/www.cosmoschinchillas.se\/wp-content\/uploads\/2025\/01\/IMG_3334-300x200.jpg 300w, https:\/\/www.cosmoschinchillas.se\/wp-content\/uploads\/2025\/01\/IMG_3334-768x512.jpg 768w, https:\/\/www.cosmoschinchillas.se\/wp-content\/uploads\/2025\/01\/IMG_3334-1536x1024.jpg 1536w, https:\/\/www.cosmoschinchillas.se\/wp-content\/uploads\/2025\/01\/IMG_3334-2048x1365.jpg 2048w, https:\/\/www.cosmoschinchillas.se\/wp-content\/uploads\/2025\/01\/IMG_3334-600x400.jpg 600w, https:\/\/www.cosmoschinchillas.se\/wp-content\/uploads\/2025\/01\/IMG_3334-945x630.jpg 945w\" sizes=\"auto, (max-width: 1024px) 100vw, 1024px\" \/><\/figure><div class=\"wp-block-media-text__content\">\n<p><strong>SE*Cosmo\u2019s Andromeda<br><\/strong>Grey, hona<br>F\u00f6dd: 2020.01.26<br><br>Har suttit med hane nyligen s\u00e5 s\u00e4ljs till s\u00e4llskap efter karant\u00e4n f\u00f6r dr\u00e4ktighet. <\/p>\n<\/div><\/div>\n","protected":false},"excerpt":{"rendered":"<p>Vid intresse att k\u00f6pa chinchillor fr\u00e5n mig &#8211; skicka en intresseanm\u00e4lan via kontaktformul\u00e4ret, skriv lite om vad du har att erbjuda f\u00f6r hem och vad du s\u00f6ker samt dina kontaktuppgifter, s\u00e5 \u00e5terkopplar jag s\u00e5 snart jag kan.Det \u00e4r inte f\u00f6rst till kvarn som g\u00e4ller, jag matchar r\u00e4tt chinchilla med r\u00e4tt hem. SE*Cosmo\u2019s AndromedaGrey, honaF\u00f6dd: 2020.01.26&#8230;<\/p>\n","protected":false},"author":1,"featured_media":0,"parent":0,"menu_order":0,"comment_status":"closed","ping_status":"closed","template":"","meta":{"_kad_post_transparent":"","_kad_post_title":"","_kad_post_layout":"","_kad_post_sidebar_id":"","_kad_post_content_style":"","_kad_post_vertical_padding":"","_kad_post_feature":"","_kad_post_feature_position":"","_kad_post_header":false,"_kad_post_footer":false,"_kad_post_classname":"","footnotes":""},"class_list":["post-143","page","type-page","status-publish","hentry"],"_links":{"self":[{"href":"https:\/\/www.cosmoschinchillas.se\/index.php?rest_route=\/wp\/v2\/pages\/143","targetHints":{"allow":["GET"]}}],"collection":[{"href":"https:\/\/www.cosmoschinchillas.se\/index.php?rest_route=\/wp\/v2\/pages"}],"about":[{"href":"https:\/\/www.cosmoschinchillas.se\/index.php?rest_route=\/wp\/v2\/types\/page"}],"author":[{"embeddable":true,"href":"https:\/\/www.cosmoschinchillas.se\/index.php?rest_route=\/wp\/v2\/users\/1"}],"replies":[{"embeddable":true,"href":"https:\/\/www.cosmoschinchillas.se\/index.php?rest_route=%2Fwp%2Fv2%2Fcomments&post=143"}],"version-history":[{"count":9,"href":"https:\/\/www.cosmoschinchillas.se\/index.php?rest_route=\/wp\/v2\/pages\/143\/revisions"}],"predecessor-version":[{"id":915,"href":"https:\/\/www.cosmoschinchillas.se\/index.php?rest_route=\/wp\/v2\/pages\/143\/revisions\/915"}],"wp:attachment":[{"href":"https:\/\/www.cosmoschinchillas.se\/index.php?rest_route=%2Fwp%2Fv2%2Fmedia&parent=143"}],"curies":[{"name":"wp","href":"https:\/\/api.w.org\/{rel}","templated":true}]}}