{"id":292,"date":"2025-01-24T16:11:41","date_gmt":"2025-01-24T15:11:41","guid":{"rendered":"https:\/\/cosmoschinchillas.se\/?page_id=292"},"modified":"2025-01-25T17:18:54","modified_gmt":"2025-01-25T16:18:54","slug":"veterinar","status":"publish","type":"page","link":"https:\/\/www.cosmoschinchillas.se\/?page_id=292","title":{"rendered":"Veterin\u00e4r"},"content":{"rendered":"\n<p><strong>Bor\u00e5s <\/strong>Bl\u00e5 Stj\u00e4rnans djursjukhus\u00a0033-20 54 50\u00a0<a href=\"http:\/\/www.blastjarnan-boras.com\/\">www.blastjarnan-boras.com<\/a><strong>\u00a0<\/strong><\/p>\n\n\n\n<p><strong>G\u00f6teborg <\/strong>Bl\u00e5 Stj\u00e4rnans djursjukhus\u00a0031-65 35 00\u00a0<a href=\"http:\/\/www.blastjarnan.se\/\">www.blastjarnan.se<\/a><\/p>\n\n\n\n<p><strong>Helsingborg <\/strong>Helsingborgs regiondjursjukhus\u00a0042-16 80 00 vx, 042-16 80 80\u00a0<br><a href=\"http:\/\/www.djursjukhus.com\/\">www.djursjukhus.com<\/a><\/p>\n\n\n\n<p><strong>Karlstad <\/strong>Karlstad sm\u00e5djurssjukhus\u00a0054-17 52 50<em>,\u00a0<\/em><a href=\"http:\/\/www.djursjukhusetkarlstad.se\/\">www.djursjukhusetkarlstad.se<\/a><\/p>\n\n\n\n<p><strong>Kumla <\/strong>AniCura Kumla Djursjukhus\u00a0019-26 33 66\u00a0<a href=\"http:\/\/www.anicura.se\/\">www.anicura.se<\/a><\/p>\n\n\n\n<p><strong>Norrk\u00f6ping <\/strong>Veterin\u00e4rkliniken i Norrk\u00f6ping,\u00a0G\u00f6ran Lundmark, 011-10 12 25<\/p>\n\n\n\n<p><strong>Skara <\/strong>Bl\u00e5 Stj\u00e4rnans djursjukhus\u00a00511-275 00\u00a0<a href=\"http:\/\/www.blastjarnan.se\/\">www.blastjarnan.se<\/a><\/p>\n\n\n\n<p><strong>Skellefte\u00e5 <\/strong>Skellefte\u00e5 Djurklinink,\u00a0Gertrud Burman, 0910-560 04\u00a0<a href=\"http:\/\/www.gbdjurklinik.se\/\">www.gbdjurklinik.se<\/a><br><br><strong>Stockholm <\/strong>Djurkliniken Roslagstull\u00a008-612 57 60\u00a0<br><a href=\"http:\/\/www.evidensia.se\/djurkliniken-roslagstull-1.0.2084.1\">www.evidensia.se\/djurkliniken-roslagstull-1.0.2084.1\/<\/a><\/p>\n\n\n\n<p><strong>Sigtuna <\/strong>M\u00e4lardalens sm\u00e5djursklinik,\u00a0Marianne Tornvall, 08-592 540 80\u00a0<br><a href=\"http:\/\/www.malarensmadjur.se\/\">www.malarensmadjur.se<\/a><\/p>\n\n\n\n<p><strong>Str\u00f6msholm <\/strong>Str\u00f6msholms regionsjukhus,\u00a0Sm\u00e5djursavdelningen, 0220-458 00\u00a0 <a href=\"http:\/\/www.stromsholmdjursjukvard.se\/\">www.stromsholmdjursjukvard.se<\/a><\/p>\n\n\n\n<p><strong>Sk\u00f6vde <\/strong>Sk\u00f6vde Djurklinik AB,\u00a0Lena Myrenius,0500-48 86 00\u00a0<a href=\"http:\/\/www.skovdedjurklinik.se\/\">www.skovdedjurklinik.se<\/a><\/p>\n\n\n\n<p><strong>S\u00e4vsj\u00f6 <\/strong>S\u00e4vsj\u00f6\u00a0veterin\u00e4rklinik\u00a00382-611 40\u00a0<a href=\"http:\/\/www.savsjovet.se\/index.html\">www.savsjovet.se\/<\/a><\/p>\n\n\n\n<p><strong>\u00d6rebro <\/strong>\u00d6rebro sm\u00e5djursklinik,\u00a0019-26 12 30<\/p>\n\n\n\n<p><strong>\u00d6rebro <\/strong>Hund- &amp; Kattkliniken i Bista\u00a0019-26 48 02\u00a0<a href=\"http:\/\/www.anicura.se\/\">www.anicura.se<\/a><\/p>\n\n\n\n<p><strong>\u00d6rebro <\/strong>Evidensia Annalysen\u00a0019-12 70 00\u00a0<a href=\"http:\/\/www.evidensia.se\/djursjukhuset-orebro\">www.evidensia.se\/djursjukhuset-orebro<\/a><\/p>\n\n\n\n<p><strong>\u00d6rebro <\/strong>Djurkliniken Anima\u00a0019-30 50 30\u00a0<a href=\"http:\/\/www.djurklinikenanima.se\/\">www.djurklinikenanima.se<\/a><\/p>\n\n\n\n<p><strong>\u00d6rebro <\/strong>Veterin\u00e4ren BraZoo\u00a0019-13 88 92 <a href=\"https:\/\/sv-se.facebook.com\/veterinarenBraZoo\/\">https:\/\/sv-se.facebook.com\/veterinarenBraZoo\/<\/a><\/p>\n","protected":false},"excerpt":{"rendered":"<p>Bor\u00e5s Bl\u00e5 Stj\u00e4rnans djursjukhus\u00a0033-20 54 50\u00a0www.blastjarnan-boras.com\u00a0 G\u00f6teborg Bl\u00e5 Stj\u00e4rnans djursjukhus\u00a0031-65 35 00\u00a0www.blastjarnan.se Helsingborg Helsingborgs regiondjursjukhus\u00a0042-16 80 00 vx, 042-16 80 80\u00a0www.djursjukhus.com Karlstad Karlstad sm\u00e5djurssjukhus\u00a0054-17 52 50,\u00a0www.djursjukhusetkarlstad.se Kumla AniCura Kumla Djursjukhus\u00a0019-26 33 66\u00a0www.anicura.se Norrk\u00f6ping Veterin\u00e4rkliniken i Norrk\u00f6ping,\u00a0G\u00f6ran Lundmark, 011-10 12 25 Skara Bl\u00e5 Stj\u00e4rnans djursjukhus\u00a00511-275 00\u00a0www.blastjarnan.se Skellefte\u00e5 Skellefte\u00e5 Djurklinink,\u00a0Gertrud Burman, 0910-560 04\u00a0www.gbdjurklinik.se Stockholm Djurkliniken Roslagstull\u00a008-612 57&#8230;<\/p>\n","protected":false},"author":1,"featured_media":0,"parent":0,"menu_order":0,"comment_status":"closed","ping_status":"closed","template":"","meta":{"_kad_post_transparent":"","_kad_post_title":"","_kad_post_layout":"","_kad_post_sidebar_id":"","_kad_post_content_style":"","_kad_post_vertical_padding":"","_kad_post_feature":"","_kad_post_feature_position":"","_kad_post_header":false,"_kad_post_footer":false,"_kad_post_classname":"","footnotes":""},"class_list":["post-292","page","type-page","status-publish","hentry"],"_links":{"self":[{"href":"https:\/\/www.cosmoschinchillas.se\/index.php?rest_route=\/wp\/v2\/pages\/292","targetHints":{"allow":["GET"]}}],"collection":[{"href":"https:\/\/www.cosmoschinchillas.se\/index.php?rest_route=\/wp\/v2\/pages"}],"about":[{"href":"https:\/\/www.cosmoschinchillas.se\/index.php?rest_route=\/wp\/v2\/types\/page"}],"author":[{"embeddable":true,"href":"https:\/\/www.cosmoschinchillas.se\/index.php?rest_route=\/wp\/v2\/users\/1"}],"replies":[{"embeddable":true,"href":"https:\/\/www.cosmoschinchillas.se\/index.php?rest_route=%2Fwp%2Fv2%2Fcomments&post=292"}],"version-history":[{"count":4,"href":"https:\/\/www.cosmoschinchillas.se\/index.php?rest_route=\/wp\/v2\/pages\/292\/revisions"}],"predecessor-version":[{"id":357,"href":"https:\/\/www.cosmoschinchillas.se\/index.php?rest_route=\/wp\/v2\/pages\/292\/revisions\/357"}],"wp:attachment":[{"href":"https:\/\/www.cosmoschinchillas.se\/index.php?rest_route=%2Fwp%2Fv2%2Fmedia&parent=292"}],"curies":[{"name":"wp","href":"https:\/\/api.w.org\/{rel}","templated":true}]}}