{"id":294,"date":"2025-01-24T16:11:41","date_gmt":"2025-01-24T15:11:41","guid":{"rendered":"https:\/\/cosmoschinchillas.se\/?page_id=294"},"modified":"2025-01-25T17:09:40","modified_gmt":"2025-01-25T16:09:40","slug":"badsand","status":"publish","type":"page","link":"https:\/\/www.cosmoschinchillas.se\/?page_id=294","title":{"rendered":"Badsand"},"content":{"rendered":"\n<div class=\"wp-block-media-text is-stacked-on-mobile\"><figure class=\"wp-block-media-text__media\"><img loading=\"lazy\" decoding=\"async\" width=\"660\" height=\"660\" src=\"https:\/\/cosmoschinchillas.se\/wp-content\/uploads\/2025\/01\/witte-molen-badsand.webp\" alt=\"\" class=\"wp-image-340 size-full\" srcset=\"https:\/\/www.cosmoschinchillas.se\/wp-content\/uploads\/2025\/01\/witte-molen-badsand.webp 660w, https:\/\/www.cosmoschinchillas.se\/wp-content\/uploads\/2025\/01\/witte-molen-badsand-300x300.webp 300w, https:\/\/www.cosmoschinchillas.se\/wp-content\/uploads\/2025\/01\/witte-molen-badsand-150x150.webp 150w, https:\/\/www.cosmoschinchillas.se\/wp-content\/uploads\/2025\/01\/witte-molen-badsand-600x600.webp 600w\" sizes=\"auto, (max-width: 660px) 100vw, 660px\" \/><\/figure><div class=\"wp-block-media-text__content\">\n<p><strong>Witte Molen<\/strong> Top Fresh chinchillasand<br>En sepiolitbaserad mineralsand som reng\u00f6r p\u00e4lsen fr\u00e5n smuts och fetter utan att skada p\u00e4lsstr\u00e5t. Detta \u00e4r den b\u00e4sta sanden p\u00e5 marknaden i Sverige och den sand vi uppf\u00f6dare rekommenderar.<br><br>Finns att k\u00f6pa:<br><a href=\"https:\/\/www.crtzoo.se\/smadjur\/palsvard\/badsand\/chinchillasand-wittemolen-losvikt-5hg\"><strong>CRT Zoo<\/strong> <\/a>online eller i butik (Haninge)<br><a href=\"https:\/\/vetzoo.se\/top-fresh-chinchillasand?90225\"><strong>VetZoo<\/strong> <\/a>onlinebutik<br><br><br><br><br><\/p>\n<\/div><\/div>\n\n\n\n<p><\/p>\n\n\n\n<div class=\"wp-block-media-text is-stacked-on-mobile\"><figure class=\"wp-block-media-text__media\"><img loading=\"lazy\" decoding=\"async\" width=\"660\" height=\"660\" src=\"https:\/\/cosmoschinchillas.se\/wp-content\/uploads\/2025\/01\/JR-Farm-badsand.webp\" alt=\"\" class=\"wp-image-345 size-full\" srcset=\"https:\/\/www.cosmoschinchillas.se\/wp-content\/uploads\/2025\/01\/JR-Farm-badsand.webp 660w, https:\/\/www.cosmoschinchillas.se\/wp-content\/uploads\/2025\/01\/JR-Farm-badsand-300x300.webp 300w, https:\/\/www.cosmoschinchillas.se\/wp-content\/uploads\/2025\/01\/JR-Farm-badsand-150x150.webp 150w, https:\/\/www.cosmoschinchillas.se\/wp-content\/uploads\/2025\/01\/JR-Farm-badsand-600x600.webp 600w\" sizes=\"auto, (max-width: 660px) 100vw, 660px\" \/><\/figure><div class=\"wp-block-media-text__content\">\n<p><strong>JR Farm chinchillasand<\/strong><br>En sepiolitbaserad mineralsand, likt Witte Molen, som reng\u00f6r p\u00e4lsen utan att skada p\u00e4lsstr\u00e5t.<br>Mer l\u00e4ttillg\u00e4nglig \u00e4n Witte Molen, finns i mindre f\u00f6rpackningar.<br><br>Finns att k\u00f6pa:<br><a href=\"https:\/\/vetzoo.se\/jr-farm-badsand-chinchilla-1-kg?63196&amp;utm_source=google&amp;utm_medium=cpc&amp;utm_campaign=AR-SE%3A%20PMax%20Shopping%20-%20non-food%20-%20tROAS&amp;utm_id=19681756471&amp;gad_source=1&amp;gclid=CjwKCAiAtNK8BhBBEiwA8wVt93eKyb-iwuWAdQVPivgKbtA0QbGlKqY9sHxrFOcl2uzz5_ib7qhtgBoCe1kQAvD_BwE\">VetZoo<\/a> onlinebutik<br><a href=\"https:\/\/www.zooplus.se\/shop\/gnagare_smadjur\/skotsel_palsvard\/badsand\/463797?activeVariant=463797.1\">Zooplus<\/a> onlinebutik<br><br><\/p>\n<\/div><\/div>\n\n\n\n<p><\/p>\n\n\n\n<p><\/p>\n\n\n\n<div class=\"wp-block-media-text is-stacked-on-mobile\"><figure class=\"wp-block-media-text__media\"><img loading=\"lazy\" decoding=\"async\" width=\"660\" height=\"660\" src=\"https:\/\/cosmoschinchillas.se\/wp-content\/uploads\/2025\/01\/Little-Bigger-chinchillasand.webp\" alt=\"\" class=\"wp-image-348 size-full\" srcset=\"https:\/\/www.cosmoschinchillas.se\/wp-content\/uploads\/2025\/01\/Little-Bigger-chinchillasand.webp 660w, https:\/\/www.cosmoschinchillas.se\/wp-content\/uploads\/2025\/01\/Little-Bigger-chinchillasand-300x300.webp 300w, https:\/\/www.cosmoschinchillas.se\/wp-content\/uploads\/2025\/01\/Little-Bigger-chinchillasand-150x150.webp 150w, https:\/\/www.cosmoschinchillas.se\/wp-content\/uploads\/2025\/01\/Little-Bigger-chinchillasand-600x600.webp 600w\" sizes=\"auto, (max-width: 660px) 100vw, 660px\" \/><\/figure><div class=\"wp-block-media-text__content\">\n<p><strong>Little &amp; Bigger chinchillasand<\/strong><br>Jag har ingen egen erfarenhet av det h\u00e4r m\u00e4rket men har sett m\u00e5nga andra uppf\u00f6dare som tipsat om denna, och d\u00e5 den verkar vara lite l\u00e4ttare att f\u00e5 tag p\u00e5 tipsar jag \u00e4ven om denna. Den finns i mindre f\u00f6rpackning till helt okej priser.<br><br>Finns att k\u00f6pa:<br><a href=\"https:\/\/www.arkenzoo.se\/little-bigger-chinchillasand-3kg\">ArkenZoo <\/a>online och i butik<br><a href=\"https:\/\/vetzoo.se\/littlebigger-chinchillasand-3-kg\">VetZoo<\/a> onlinebutik<br><\/p>\n<\/div><\/div>\n\n\n\n<div class=\"wp-block-media-text is-stacked-on-mobile\"><figure class=\"wp-block-media-text__media\"><img loading=\"lazy\" decoding=\"async\" width=\"771\" height=\"1024\" src=\"https:\/\/cosmoschinchillas.se\/wp-content\/uploads\/2025\/01\/Tyrol-chinchillasand-771x1024.webp\" alt=\"\" class=\"wp-image-347 size-full\" srcset=\"https:\/\/www.cosmoschinchillas.se\/wp-content\/uploads\/2025\/01\/Tyrol-chinchillasand-771x1024.webp 771w, https:\/\/www.cosmoschinchillas.se\/wp-content\/uploads\/2025\/01\/Tyrol-chinchillasand-226x300.webp 226w, https:\/\/www.cosmoschinchillas.se\/wp-content\/uploads\/2025\/01\/Tyrol-chinchillasand-768x1020.webp 768w, https:\/\/www.cosmoschinchillas.se\/wp-content\/uploads\/2025\/01\/Tyrol-chinchillasand-1156x1536.webp 1156w, https:\/\/www.cosmoschinchillas.se\/wp-content\/uploads\/2025\/01\/Tyrol-chinchillasand-1541x2048.webp 1541w, https:\/\/www.cosmoschinchillas.se\/wp-content\/uploads\/2025\/01\/Tyrol-chinchillasand-600x797.webp 600w, https:\/\/www.cosmoschinchillas.se\/wp-content\/uploads\/2025\/01\/Tyrol-chinchillasand-945x1256.webp 945w, https:\/\/www.cosmoschinchillas.se\/wp-content\/uploads\/2025\/01\/Tyrol-chinchillasand.webp 1722w\" sizes=\"auto, (max-width: 771px) 100vw, 771px\" \/><\/figure><div class=\"wp-block-media-text__content\">\n<p><strong>Tyrol Chinchillasand<\/strong><br>Jag har ingen egen erfarenhet av denna sand men den ska vara 100% sepiolitbaserad och de jag vet som har testat den har varit n\u00f6jda.<br><br>Finns att k\u00f6pa:<br><a href=\"https:\/\/pawpalace.se\/badsand\/chinchillasand-3-kg\/?srsltid=AfmBOop9l7nIXrZBFLQFZ4qTsRMNQCxlyoTCvRj4AUJl0M98p6AcA2X9\">Pawpalace<\/a> onlinebutik<\/p>\n<\/div><\/div>\n\n\n\n<p><\/p>\n\n\n\n<p><\/p>\n\n\n\n<div class=\"wp-block-media-text is-stacked-on-mobile\"><figure class=\"wp-block-media-text__media\"><img loading=\"lazy\" decoding=\"async\" width=\"500\" height=\"400\" src=\"https:\/\/cosmoschinchillas.se\/wp-content\/uploads\/2025\/01\/Vitakraft-Sandy-chinchillasand.jpg\" alt=\"\" class=\"wp-image-351 size-full\" srcset=\"https:\/\/www.cosmoschinchillas.se\/wp-content\/uploads\/2025\/01\/Vitakraft-Sandy-chinchillasand.jpg 500w, https:\/\/www.cosmoschinchillas.se\/wp-content\/uploads\/2025\/01\/Vitakraft-Sandy-chinchillasand-300x240.jpg 300w\" sizes=\"auto, (max-width: 500px) 100vw, 500px\" \/><\/figure><div class=\"wp-block-media-text__content\">\n<p><strong>Vitakraft Sandy chinchillasand<br><\/strong>En mineralsand som anses vara okej om man har sv\u00e5rt att f\u00e5 tag p\u00e5 n\u00e5gon av de \u00f6vriga sorterna.<br>Finns i sm\u00e5f\u00f6rpackning b\u00e5de online och i butik.<br><br>Finns att k\u00f6pa:<br><a href=\"https:\/\/www.hornbach.se\/p\/badsand-vitakraft-sandy-chinchilla-1kg\/2200466\/\">Hornbach<\/a> online <br><a href=\"https:\/\/www.zoo.se\/smadjur\/produkter\/sandy-badsand-chinchilla?p=207068001\">ZOO.se<\/a> onlinebutik<br><a href=\"https:\/\/tassimperiet.se\/products\/chinchilla-sandy-1kg?srsltid=AfmBOooIKmX9p49gd9YvLsdteAmfc0FFDoP7vx6GXBlakDCFOmAJGj_2\">Tassimperiet <\/a>onlinebutik<\/p>\n<\/div><\/div>\n","protected":false},"excerpt":{"rendered":"<p>Witte Molen Top Fresh chinchillasandEn sepiolitbaserad mineralsand som reng\u00f6r p\u00e4lsen fr\u00e5n smuts och fetter utan att skada p\u00e4lsstr\u00e5t. Detta \u00e4r den b\u00e4sta sanden p\u00e5 marknaden i Sverige och den sand vi uppf\u00f6dare rekommenderar. Finns att k\u00f6pa:CRT Zoo online eller i butik (Haninge)VetZoo onlinebutik JR Farm chinchillasandEn sepiolitbaserad mineralsand, likt Witte Molen, som reng\u00f6r p\u00e4lsen utan&#8230;<\/p>\n","protected":false},"author":1,"featured_media":0,"parent":0,"menu_order":0,"comment_status":"closed","ping_status":"closed","template":"","meta":{"_kad_post_transparent":"","_kad_post_title":"","_kad_post_layout":"","_kad_post_sidebar_id":"","_kad_post_content_style":"","_kad_post_vertical_padding":"","_kad_post_feature":"","_kad_post_feature_position":"","_kad_post_header":false,"_kad_post_footer":false,"_kad_post_classname":"","footnotes":""},"class_list":["post-294","page","type-page","status-publish","hentry"],"_links":{"self":[{"href":"https:\/\/www.cosmoschinchillas.se\/index.php?rest_route=\/wp\/v2\/pages\/294","targetHints":{"allow":["GET"]}}],"collection":[{"href":"https:\/\/www.cosmoschinchillas.se\/index.php?rest_route=\/wp\/v2\/pages"}],"about":[{"href":"https:\/\/www.cosmoschinchillas.se\/index.php?rest_route=\/wp\/v2\/types\/page"}],"author":[{"embeddable":true,"href":"https:\/\/www.cosmoschinchillas.se\/index.php?rest_route=\/wp\/v2\/users\/1"}],"replies":[{"embeddable":true,"href":"https:\/\/www.cosmoschinchillas.se\/index.php?rest_route=%2Fwp%2Fv2%2Fcomments&post=294"}],"version-history":[{"count":9,"href":"https:\/\/www.cosmoschinchillas.se\/index.php?rest_route=\/wp\/v2\/pages\/294\/revisions"}],"predecessor-version":[{"id":354,"href":"https:\/\/www.cosmoschinchillas.se\/index.php?rest_route=\/wp\/v2\/pages\/294\/revisions\/354"}],"wp:attachment":[{"href":"https:\/\/www.cosmoschinchillas.se\/index.php?rest_route=%2Fwp%2Fv2%2Fmedia&parent=294"}],"curies":[{"name":"wp","href":"https:\/\/api.w.org\/{rel}","templated":true}]}}