{"id":508,"date":"2025-01-26T00:39:56","date_gmt":"2025-01-25T23:39:56","guid":{"rendered":"https:\/\/cosmoschinchillas.se\/?page_id=508"},"modified":"2025-01-26T00:48:21","modified_gmt":"2025-01-25T23:48:21","slug":"nyheter","status":"publish","type":"page","link":"https:\/\/www.cosmoschinchillas.se\/?page_id=508","title":{"rendered":"Nyheter"},"content":{"rendered":"\n<p><strong>\u00c5rsm\u00f6te<\/strong> CAS 30 mars 2025 &#8211; l\u00e4nk kommer!<br><br><strong>P\u00e5sk-kalender<\/strong> <a href=\"https:\/\/www.facebook.com\/CASChinchillaAssociationSweden\" class=\"ek-link\">CAS facebook<\/a> 18-20 april<br>&#8211; Var med och delta genom att svara p\u00e5 fr\u00e5gor i kommentarsf\u00e4ltet och vinn ett roligt pris. <br><em>Alla fr\u00e5gor handlar om chinchillor och utg\u00e5r ifr\u00e5n Svenska lagar och rekommendationer.<\/em><br><br>Kommande utst\u00e4llningar med CAS:<br> &#8211; <strong>12 april 2025, Hardemo<\/strong> &#8211; l\u00e4nk kommer<br><br><\/p>\n","protected":false},"excerpt":{"rendered":"<p>\u00c5rsm\u00f6te CAS 30 mars 2025 &#8211; l\u00e4nk kommer! P\u00e5sk-kalender CAS facebook 18-20 april&#8211; Var med och delta genom att svara p\u00e5 fr\u00e5gor i kommentarsf\u00e4ltet och vinn ett roligt pris. Alla fr\u00e5gor handlar om chinchillor och utg\u00e5r ifr\u00e5n Svenska lagar och rekommendationer. Kommande utst\u00e4llningar med CAS: &#8211; 12 april 2025, Hardemo &#8211; l\u00e4nk kommer<\/p>\n","protected":false},"author":1,"featured_media":0,"parent":0,"menu_order":0,"comment_status":"closed","ping_status":"closed","template":"","meta":{"_kad_post_transparent":"","_kad_post_title":"","_kad_post_layout":"","_kad_post_sidebar_id":"","_kad_post_content_style":"","_kad_post_vertical_padding":"","_kad_post_feature":"","_kad_post_feature_position":"","_kad_post_header":false,"_kad_post_footer":false,"_kad_post_classname":"","footnotes":""},"class_list":["post-508","page","type-page","status-publish","hentry"],"_links":{"self":[{"href":"https:\/\/www.cosmoschinchillas.se\/index.php?rest_route=\/wp\/v2\/pages\/508","targetHints":{"allow":["GET"]}}],"collection":[{"href":"https:\/\/www.cosmoschinchillas.se\/index.php?rest_route=\/wp\/v2\/pages"}],"about":[{"href":"https:\/\/www.cosmoschinchillas.se\/index.php?rest_route=\/wp\/v2\/types\/page"}],"author":[{"embeddable":true,"href":"https:\/\/www.cosmoschinchillas.se\/index.php?rest_route=\/wp\/v2\/users\/1"}],"replies":[{"embeddable":true,"href":"https:\/\/www.cosmoschinchillas.se\/index.php?rest_route=%2Fwp%2Fv2%2Fcomments&post=508"}],"version-history":[{"count":2,"href":"https:\/\/www.cosmoschinchillas.se\/index.php?rest_route=\/wp\/v2\/pages\/508\/revisions"}],"predecessor-version":[{"id":513,"href":"https:\/\/www.cosmoschinchillas.se\/index.php?rest_route=\/wp\/v2\/pages\/508\/revisions\/513"}],"wp:attachment":[{"href":"https:\/\/www.cosmoschinchillas.se\/index.php?rest_route=%2Fwp%2Fv2%2Fmedia&parent=508"}],"curies":[{"name":"wp","href":"https:\/\/api.w.org\/{rel}","templated":true}]}}