{"id":547,"date":"2025-01-27T15:39:01","date_gmt":"2025-01-27T14:39:01","guid":{"rendered":"https:\/\/cosmoschinchillas.se\/?page_id=547"},"modified":"2025-01-27T16:16:16","modified_gmt":"2025-01-27T15:16:16","slug":"fakta","status":"publish","type":"page","link":"https:\/\/www.cosmoschinchillas.se\/?page_id=547","title":{"rendered":"Fakta"},"content":{"rendered":"\n<figure class=\"wp-block-image size-large is-resized\"><img loading=\"lazy\" decoding=\"async\" width=\"1024\" height=\"683\" src=\"https:\/\/cosmoschinchillas.se\/wp-content\/uploads\/2025\/01\/IMG_0843-1024x683.jpg\" alt=\"\" class=\"wp-image-570\" style=\"width:698px;height:auto\" srcset=\"https:\/\/www.cosmoschinchillas.se\/wp-content\/uploads\/2025\/01\/IMG_0843-1024x683.jpg 1024w, https:\/\/www.cosmoschinchillas.se\/wp-content\/uploads\/2025\/01\/IMG_0843-300x200.jpg 300w, https:\/\/www.cosmoschinchillas.se\/wp-content\/uploads\/2025\/01\/IMG_0843-768x512.jpg 768w, https:\/\/www.cosmoschinchillas.se\/wp-content\/uploads\/2025\/01\/IMG_0843-1536x1024.jpg 1536w, https:\/\/www.cosmoschinchillas.se\/wp-content\/uploads\/2025\/01\/IMG_0843-2048x1365.jpg 2048w, https:\/\/www.cosmoschinchillas.se\/wp-content\/uploads\/2025\/01\/IMG_0843-600x400.jpg 600w, https:\/\/www.cosmoschinchillas.se\/wp-content\/uploads\/2025\/01\/IMG_0843-945x630.jpg 945w\" sizes=\"auto, (max-width: 1024px) 100vw, 1024px\" \/><\/figure>\n\n\n\n<p><br><\/p>\n\n\n\n<p><strong>Chinchillan \u00e4r inget keldjur<br><\/strong>Till skillnad fr\u00e5n m\u00e5nga andra husdjur \u00e4r chinchillan inte speciellt kelig eller i behov av m\u00e4nsklig kontakt. De \u00e4r lika katter i sitt beteende \u2013 de kommer och g\u00e5r p\u00e5 sina villkor och ser dig mest som den som ger dem mat och som \u00f6ppnar burd\u00f6rren s\u00e5 de kan f\u00f6rs\u00f6ka smita ut. Och \u00e4ven om chinchillan inte beh\u00f6ver komma ut och g\u00e5 koppelpromenader eller rastas likt en hund \u00e4r det dock viktigt att du ser till att din chinchilla aktiveras och f\u00e5r stimulans i sin hemmilj\u00f6, annars finns risken att de utvecklar ett s\u00e5 kallat stereotypt beteende (hysteriskt gnaga p\u00e5 galler, st\u00e5 och hoppa p\u00e5 ett och samma st\u00e4lle, b\u00f6rja bita av sin egen eller burkompisens p\u00e4ls \u00e4r n\u00e5gra exempel).<br> Sj\u00e4lvklart finns det undantag \u00e4ven h\u00e4r och det finns chinchillor som faktiskt uppskattar kel och som kan ligga avslappande i famnen och klappas, och de flesta \u00e4lskar att bli kliade under hakan, mellan frambenen och bakom \u00f6ronen men det \u00e4r lite av en tillitsgrej och n\u00e5got du som \u00e4gare inte kan ta f\u00f6r givet att just dina chillor kommer tycka om direkt eller k\u00e4nna sig trygga med fr\u00e5n start. Det \u00e4r viktigt att du respekterar chinchillans gr\u00e4nser och l\u00e4r dig vilka signaler chinchillan ger och vad den f\u00f6rs\u00f6ker kommunicera.<\/p>\n","protected":false},"excerpt":{"rendered":"<p>Chinchillan \u00e4r inget keldjurTill skillnad fr\u00e5n m\u00e5nga andra husdjur \u00e4r chinchillan inte speciellt kelig eller i behov av m\u00e4nsklig kontakt. De \u00e4r lika katter i sitt beteende \u2013 de kommer och g\u00e5r p\u00e5 sina villkor och ser dig mest som den som ger dem mat och som \u00f6ppnar burd\u00f6rren s\u00e5 de kan f\u00f6rs\u00f6ka smita ut&#8230;.<\/p>\n","protected":false},"author":1,"featured_media":0,"parent":0,"menu_order":0,"comment_status":"closed","ping_status":"closed","template":"","meta":{"_kad_post_transparent":"","_kad_post_title":"","_kad_post_layout":"","_kad_post_sidebar_id":"","_kad_post_content_style":"","_kad_post_vertical_padding":"","_kad_post_feature":"","_kad_post_feature_position":"","_kad_post_header":false,"_kad_post_footer":false,"_kad_post_classname":"","footnotes":""},"class_list":["post-547","page","type-page","status-publish","hentry"],"_links":{"self":[{"href":"https:\/\/www.cosmoschinchillas.se\/index.php?rest_route=\/wp\/v2\/pages\/547","targetHints":{"allow":["GET"]}}],"collection":[{"href":"https:\/\/www.cosmoschinchillas.se\/index.php?rest_route=\/wp\/v2\/pages"}],"about":[{"href":"https:\/\/www.cosmoschinchillas.se\/index.php?rest_route=\/wp\/v2\/types\/page"}],"author":[{"embeddable":true,"href":"https:\/\/www.cosmoschinchillas.se\/index.php?rest_route=\/wp\/v2\/users\/1"}],"replies":[{"embeddable":true,"href":"https:\/\/www.cosmoschinchillas.se\/index.php?rest_route=%2Fwp%2Fv2%2Fcomments&post=547"}],"version-history":[{"count":6,"href":"https:\/\/www.cosmoschinchillas.se\/index.php?rest_route=\/wp\/v2\/pages\/547\/revisions"}],"predecessor-version":[{"id":571,"href":"https:\/\/www.cosmoschinchillas.se\/index.php?rest_route=\/wp\/v2\/pages\/547\/revisions\/571"}],"wp:attachment":[{"href":"https:\/\/www.cosmoschinchillas.se\/index.php?rest_route=%2Fwp%2Fv2%2Fmedia&parent=547"}],"curies":[{"name":"wp","href":"https:\/\/api.w.org\/{rel}","templated":true}]}}