{"id":548,"date":"2025-01-27T15:39:01","date_gmt":"2025-01-27T14:39:01","guid":{"rendered":"https:\/\/cosmoschinchillas.se\/?page_id=548"},"modified":"2025-01-28T11:47:12","modified_gmt":"2025-01-28T10:47:12","slug":"chinchillan","status":"publish","type":"page","link":"https:\/\/www.cosmoschinchillas.se\/?page_id=548","title":{"rendered":"Chinchillan"},"content":{"rendered":"<div class=\"wp-block-image\">\n<figure class=\"aligncenter size-large is-resized\"><img loading=\"lazy\" decoding=\"async\" width=\"1024\" height=\"683\" src=\"https:\/\/cosmoschinchillas.se\/wp-content\/uploads\/2025\/01\/IMG_3552-1024x683.jpg\" alt=\"\" class=\"wp-image-575\" style=\"width:539px;height:auto\" srcset=\"https:\/\/www.cosmoschinchillas.se\/wp-content\/uploads\/2025\/01\/IMG_3552-1024x683.jpg 1024w, https:\/\/www.cosmoschinchillas.se\/wp-content\/uploads\/2025\/01\/IMG_3552-300x200.jpg 300w, https:\/\/www.cosmoschinchillas.se\/wp-content\/uploads\/2025\/01\/IMG_3552-768x512.jpg 768w, https:\/\/www.cosmoschinchillas.se\/wp-content\/uploads\/2025\/01\/IMG_3552-1536x1024.jpg 1536w, https:\/\/www.cosmoschinchillas.se\/wp-content\/uploads\/2025\/01\/IMG_3552-600x400.jpg 600w, https:\/\/www.cosmoschinchillas.se\/wp-content\/uploads\/2025\/01\/IMG_3552-945x630.jpg 945w, https:\/\/www.cosmoschinchillas.se\/wp-content\/uploads\/2025\/01\/IMG_3552.jpg 1600w\" sizes=\"auto, (max-width: 1024px) 100vw, 1024px\" \/><\/figure>\n<\/div>\n\n\n<p><br><\/p>\n\n\n\n<div class=\"wp-block-columns is-layout-flex wp-container-core-columns-is-layout-9d6595d7 wp-block-columns-is-layout-flex\">\n<div class=\"wp-block-column is-layout-flow wp-block-column-is-layout-flow\">\n<p><strong>Chinchillor <\/strong>ska h\u00e5llas i par eller grupp, aldrig ensamma. Undantag kan g\u00f6ras vid sjukdom\/aggressivitet eller under dr\u00e4ktighet innan nedkomst.<br>M\u00e5nga tror att en ensam chinchilla \u00e4r l\u00e4ttare att f\u00e5 tam, en sanning med modifikation, d\u00e5 en ensam chinchilla ofta s\u00f6ker m\u00e4nsklig kontakt av desperation, inte f\u00f6r att den \u00e4r tam eller vill gosa. En m\u00e4nniska kan aldrig ers\u00e4tta en artfr\u00e4nde.<br>Chinchillor som h\u00e5lls i par eller i grupp \u00e4r ofta mer nyfikna, sj\u00e4lvs\u00e4kra och trygga vilket \u00f6kar chanserna till att bygga upp en stark relation med dem. <\/p>\n<\/div>\n\n\n\n<div class=\"wp-block-column is-layout-flow wp-block-column-is-layout-flow\">\n<p>Chinchillor \u00e4r otroligt smarta och l\u00e4ttl\u00e4rda, detta medf\u00f6r o\u00e4ndliga m\u00f6jligheter f\u00f6r oss m\u00e4nniskor att bonda och knyta an till dessa djur genom att aktivera dem och erbjuda tanken\u00f6tter som stimuli. D\u00e5 chinchillan \u00e4r s\u00e5 otroligt l\u00e4ttl\u00e4rd \u00e4r det n\u00e4stan bara fantasin som s\u00e4tter gr\u00e4nser \u2013 du kan l\u00e4ra chinchillan agility, att komma p\u00e5 inkallning, klickertr\u00e4na, olika kommandon osv. De \u00e4lskar att l\u00f6sa problem och \u00e4r v\u00e4ldigt envisa. Chinchillan kr\u00e4ver d\u00e4rf\u00f6r en del tid och engagemang genom aktivering och hj\u00e4rngympa och bygger band till dig p\u00e5 helt andra s\u00e4tt \u00e4n genom kel.<\/p>\n<\/div>\n<\/div>\n","protected":false},"excerpt":{"rendered":"<p>Chinchillor ska h\u00e5llas i par eller grupp, aldrig ensamma. Undantag kan g\u00f6ras vid sjukdom\/aggressivitet eller under dr\u00e4ktighet innan nedkomst.M\u00e5nga tror att en ensam chinchilla \u00e4r l\u00e4ttare att f\u00e5 tam, en sanning med modifikation, d\u00e5 en ensam chinchilla ofta s\u00f6ker m\u00e4nsklig kontakt av desperation, inte f\u00f6r att den \u00e4r tam eller vill gosa. En m\u00e4nniska kan&#8230;<\/p>\n","protected":false},"author":1,"featured_media":0,"parent":0,"menu_order":0,"comment_status":"closed","ping_status":"closed","template":"","meta":{"_kad_post_transparent":"","_kad_post_title":"","_kad_post_layout":"","_kad_post_sidebar_id":"","_kad_post_content_style":"","_kad_post_vertical_padding":"","_kad_post_feature":"","_kad_post_feature_position":"","_kad_post_header":false,"_kad_post_footer":false,"_kad_post_classname":"","footnotes":""},"class_list":["post-548","page","type-page","status-publish","hentry"],"_links":{"self":[{"href":"https:\/\/www.cosmoschinchillas.se\/index.php?rest_route=\/wp\/v2\/pages\/548","targetHints":{"allow":["GET"]}}],"collection":[{"href":"https:\/\/www.cosmoschinchillas.se\/index.php?rest_route=\/wp\/v2\/pages"}],"about":[{"href":"https:\/\/www.cosmoschinchillas.se\/index.php?rest_route=\/wp\/v2\/types\/page"}],"author":[{"embeddable":true,"href":"https:\/\/www.cosmoschinchillas.se\/index.php?rest_route=\/wp\/v2\/users\/1"}],"replies":[{"embeddable":true,"href":"https:\/\/www.cosmoschinchillas.se\/index.php?rest_route=%2Fwp%2Fv2%2Fcomments&post=548"}],"version-history":[{"count":30,"href":"https:\/\/www.cosmoschinchillas.se\/index.php?rest_route=\/wp\/v2\/pages\/548\/revisions"}],"predecessor-version":[{"id":648,"href":"https:\/\/www.cosmoschinchillas.se\/index.php?rest_route=\/wp\/v2\/pages\/548\/revisions\/648"}],"wp:attachment":[{"href":"https:\/\/www.cosmoschinchillas.se\/index.php?rest_route=%2Fwp%2Fv2%2Fmedia&parent=548"}],"curies":[{"name":"wp","href":"https:\/\/api.w.org\/{rel}","templated":true}]}}