{"id":649,"date":"2025-01-28T11:48:53","date_gmt":"2025-01-28T10:48:53","guid":{"rendered":"https:\/\/cosmoschinchillas.se\/?page_id=649"},"modified":"2025-01-28T12:09:41","modified_gmt":"2025-01-28T11:09:41","slug":"buren","status":"publish","type":"page","link":"https:\/\/www.cosmoschinchillas.se\/?page_id=649","title":{"rendered":"Buren"},"content":{"rendered":"\n<figure class=\"wp-block-gallery has-nested-images columns-default is-cropped wp-block-gallery-1 is-layout-flex wp-block-gallery-is-layout-flex\">\n<figure class=\"wp-block-image size-large\"><img loading=\"lazy\" decoding=\"async\" width=\"1024\" height=\"768\" data-id=\"598\" src=\"https:\/\/cosmoschinchillas.se\/wp-content\/uploads\/2025\/01\/IMG_20180722_210915-1-1024x768.jpg\" alt=\"\" class=\"wp-image-598\" srcset=\"https:\/\/www.cosmoschinchillas.se\/wp-content\/uploads\/2025\/01\/IMG_20180722_210915-1-1024x768.jpg 1024w, https:\/\/www.cosmoschinchillas.se\/wp-content\/uploads\/2025\/01\/IMG_20180722_210915-1-300x225.jpg 300w, https:\/\/www.cosmoschinchillas.se\/wp-content\/uploads\/2025\/01\/IMG_20180722_210915-1-768x576.jpg 768w, https:\/\/www.cosmoschinchillas.se\/wp-content\/uploads\/2025\/01\/IMG_20180722_210915-1-1536x1152.jpg 1536w, https:\/\/www.cosmoschinchillas.se\/wp-content\/uploads\/2025\/01\/IMG_20180722_210915-1-2048x1536.jpg 2048w, https:\/\/www.cosmoschinchillas.se\/wp-content\/uploads\/2025\/01\/IMG_20180722_210915-1-600x450.jpg 600w, https:\/\/www.cosmoschinchillas.se\/wp-content\/uploads\/2025\/01\/IMG_20180722_210915-1-945x709.jpg 945w\" sizes=\"auto, (max-width: 1024px) 100vw, 1024px\" \/><\/figure>\n\n\n\n<figure class=\"wp-block-image size-large\"><img loading=\"lazy\" decoding=\"async\" width=\"1024\" height=\"768\" data-id=\"638\" src=\"https:\/\/cosmoschinchillas.se\/wp-content\/uploads\/2025\/01\/IMG_20180722_155747-1024x768.jpg\" alt=\"\" class=\"wp-image-638\" srcset=\"https:\/\/www.cosmoschinchillas.se\/wp-content\/uploads\/2025\/01\/IMG_20180722_155747-1024x768.jpg 1024w, https:\/\/www.cosmoschinchillas.se\/wp-content\/uploads\/2025\/01\/IMG_20180722_155747-300x225.jpg 300w, https:\/\/www.cosmoschinchillas.se\/wp-content\/uploads\/2025\/01\/IMG_20180722_155747-768x576.jpg 768w, https:\/\/www.cosmoschinchillas.se\/wp-content\/uploads\/2025\/01\/IMG_20180722_155747-1536x1152.jpg 1536w, https:\/\/www.cosmoschinchillas.se\/wp-content\/uploads\/2025\/01\/IMG_20180722_155747-2048x1536.jpg 2048w, https:\/\/www.cosmoschinchillas.se\/wp-content\/uploads\/2025\/01\/IMG_20180722_155747-600x450.jpg 600w, https:\/\/www.cosmoschinchillas.se\/wp-content\/uploads\/2025\/01\/IMG_20180722_155747-945x709.jpg 945w\" sizes=\"auto, (max-width: 1024px) 100vw, 1024px\" \/><\/figure>\n<\/figure>\n\n\n\n<p><br><\/p>\n\n\n\n<div class=\"wp-block-columns is-layout-flex wp-container-core-columns-is-layout-9d6595d7 wp-block-columns-is-layout-flex\">\n<div class=\"wp-block-column is-layout-flow wp-block-column-is-layout-flow\">\n<p><strong>Buren<\/strong><br><em>Jordbruksverket: <\/em>Minsta till\u00e5tna bottenyta att h\u00e5lla 2 chinchillor p\u00e5 \u00e4r 0,5 kvm, och minsta till\u00e5tna h\u00f6jd \u00e4r 100 cm. Ingen sida av buren f\u00e5r vara kortare \u00e4n 50 cm. Buren ska heller inte st\u00e5 i drag, fukt eller f\u00f6r varmt, och absolut inte utomhus n\u00e5gon g\u00e5ng under \u00e5ret.<br>Chinchillan har l\u00e4ttare f\u00f6r att bli f\u00f6r varm \u00e4n f\u00f6r kall, och sommartid \u00e4r det viktigt att erbjuda m\u00f6jlighet f\u00f6r dem att kyla ned sig, tex genom kylplattor att l\u00e4gga i buren, eller kyla badsanden. Bra kylplattor kan tex vara kakelplattor som f\u00e5tt ligga i kylen en stund, viktigt dock att man tar fram s\u00e5v\u00e4l sand som plattor en stund innan de l\u00e4ggs i buren s\u00e5 de inte \u00e4r f\u00f6r kalla f\u00f6r chinchillan d\u00e5 de ist\u00e4llet kan f\u00e5 k\u00f6ldskador eller kroppen f\u00e5r en chock av temperaturskillnaden. Att byta ut vattnet mot kallt f\u00e4rskt vatten oftare kan ocks\u00e5 hj\u00e4lpa djuren att svalka sig.<\/p>\n<\/div>\n\n\n\n<div class=\"wp-block-column is-layout-flow wp-block-column-is-layout-flow\">\n<p><strong>Inredning<\/strong><br>Chinchillan m\u00e5 vara en duktig hoppare men man b\u00f6r \u00e4nd\u00e5 t\u00e4nka p\u00e5 att i en h\u00f6gre bur f\u00e5r fallytan inte vara f\u00f6r h\u00f6g. I det vilda lever de fr\u00e4mst p\u00e5 marken och hoppar mellan stenblock och d\u00f6da tr\u00e4dgrenar som fallit ned, men de kl\u00e4ttrar inte s\u00e5 som m\u00e5nga andra gnagare. Detta ser man tex p\u00e5 deras tassar och t\u00e5r d\u00e4r de ist\u00e4llet f\u00f6r klor faktiskt har naglar som inte \u00e4r gjorda f\u00f6r att kl\u00e4ttra med utan f\u00f6r att h\u00e5lla i och greppa saker samt gr\u00e4va i jorden med.<br>I en bur med en meter i h\u00f6jd \u00e4r det bra att s\u00e4tta antingen ett helt\u00e4ckande hyllplan i mitten med uts\u00e5gade h\u00e5l, eller hyllor som \u00f6verlappar varandra. Reglerna s\u00e4ger att varje chinchilla ska ha minst ett hyllplan d\u00e4r den f\u00e5r plats att ligga utstr\u00e4ckt, men jag rekommenderar att man s\u00e4tter in fler \u00e4n s\u00e5 f\u00f6r att g\u00f6ra buren roligare f\u00f6r dem. \u00c4ven stora grenar, h\u00e4ngmattor i fleece (tr\u00e5dar sig ej om de gnags p\u00e5) och tunnlar i pl\u00e5t \u00e4r popul\u00e4rt. Chinchillan tycker om ombyte s\u00e5 att m\u00f6blera om buren emellan\u00e5t uppskattas mycket.<\/p>\n<\/div>\n<\/div>\n\n\n\n<figure class=\"wp-block-gallery has-nested-images columns-default is-cropped wp-block-gallery-2 is-layout-flex wp-block-gallery-is-layout-flex\">\n<figure class=\"wp-block-image size-large\"><img loading=\"lazy\" decoding=\"async\" width=\"2560\" height=\"2560\" data-id=\"663\" src=\"https:\/\/cosmoschinchillas.se\/wp-content\/uploads\/2025\/01\/IMG_20180225_112027-edited-scaled.jpg\" alt=\"\" class=\"wp-image-663\" srcset=\"https:\/\/www.cosmoschinchillas.se\/wp-content\/uploads\/2025\/01\/IMG_20180225_112027-edited-scaled.jpg 2560w, https:\/\/www.cosmoschinchillas.se\/wp-content\/uploads\/2025\/01\/IMG_20180225_112027-edited-300x300.jpg 300w, https:\/\/www.cosmoschinchillas.se\/wp-content\/uploads\/2025\/01\/IMG_20180225_112027-edited-1024x1024.jpg 1024w, https:\/\/www.cosmoschinchillas.se\/wp-content\/uploads\/2025\/01\/IMG_20180225_112027-edited-150x150.jpg 150w, https:\/\/www.cosmoschinchillas.se\/wp-content\/uploads\/2025\/01\/IMG_20180225_112027-edited-768x768.jpg 768w, https:\/\/www.cosmoschinchillas.se\/wp-content\/uploads\/2025\/01\/IMG_20180225_112027-edited-1536x1536.jpg 1536w, https:\/\/www.cosmoschinchillas.se\/wp-content\/uploads\/2025\/01\/IMG_20180225_112027-edited-2048x2048.jpg 2048w, https:\/\/www.cosmoschinchillas.se\/wp-content\/uploads\/2025\/01\/IMG_20180225_112027-edited-600x600.jpg 600w, https:\/\/www.cosmoschinchillas.se\/wp-content\/uploads\/2025\/01\/IMG_20180225_112027-edited-945x945.jpg 945w\" sizes=\"auto, (max-width: 2560px) 100vw, 2560px\" \/><\/figure>\n\n\n\n<figure class=\"wp-block-image size-large\"><img loading=\"lazy\" decoding=\"async\" width=\"970\" height=\"1024\" data-id=\"666\" src=\"https:\/\/cosmoschinchillas.se\/wp-content\/uploads\/2025\/01\/IMG_20180722_204225-1-970x1024.jpg\" alt=\"\" class=\"wp-image-666\" srcset=\"https:\/\/www.cosmoschinchillas.se\/wp-content\/uploads\/2025\/01\/IMG_20180722_204225-1-970x1024.jpg 970w, https:\/\/www.cosmoschinchillas.se\/wp-content\/uploads\/2025\/01\/IMG_20180722_204225-1-284x300.jpg 284w, https:\/\/www.cosmoschinchillas.se\/wp-content\/uploads\/2025\/01\/IMG_20180722_204225-1-768x811.jpg 768w, https:\/\/www.cosmoschinchillas.se\/wp-content\/uploads\/2025\/01\/IMG_20180722_204225-1-1455x1536.jpg 1455w, https:\/\/www.cosmoschinchillas.se\/wp-content\/uploads\/2025\/01\/IMG_20180722_204225-1-1940x2048.jpg 1940w, https:\/\/www.cosmoschinchillas.se\/wp-content\/uploads\/2025\/01\/IMG_20180722_204225-1-600x633.jpg 600w, https:\/\/www.cosmoschinchillas.se\/wp-content\/uploads\/2025\/01\/IMG_20180722_204225-1-945x998.jpg 945w\" sizes=\"auto, (max-width: 970px) 100vw, 970px\" \/><\/figure>\n\n\n\n<figure class=\"wp-block-image size-large\"><img loading=\"lazy\" decoding=\"async\" width=\"1024\" height=\"576\" data-id=\"667\" src=\"https:\/\/cosmoschinchillas.se\/wp-content\/uploads\/2025\/01\/475255040_10164949245858136_6202691259934959391_n-1024x576.jpg\" alt=\"\" class=\"wp-image-667\" srcset=\"https:\/\/www.cosmoschinchillas.se\/wp-content\/uploads\/2025\/01\/475255040_10164949245858136_6202691259934959391_n-1024x576.jpg 1024w, https:\/\/www.cosmoschinchillas.se\/wp-content\/uploads\/2025\/01\/475255040_10164949245858136_6202691259934959391_n-300x169.jpg 300w, https:\/\/www.cosmoschinchillas.se\/wp-content\/uploads\/2025\/01\/475255040_10164949245858136_6202691259934959391_n-768x432.jpg 768w, https:\/\/www.cosmoschinchillas.se\/wp-content\/uploads\/2025\/01\/475255040_10164949245858136_6202691259934959391_n-1536x864.jpg 1536w, https:\/\/www.cosmoschinchillas.se\/wp-content\/uploads\/2025\/01\/475255040_10164949245858136_6202691259934959391_n-600x338.jpg 600w, https:\/\/www.cosmoschinchillas.se\/wp-content\/uploads\/2025\/01\/475255040_10164949245858136_6202691259934959391_n-945x532.jpg 945w, https:\/\/www.cosmoschinchillas.se\/wp-content\/uploads\/2025\/01\/475255040_10164949245858136_6202691259934959391_n.jpg 2016w\" sizes=\"auto, (max-width: 1024px) 100vw, 1024px\" \/><\/figure>\n<\/figure>\n\n\n\n<div class=\"wp-block-columns is-layout-flex wp-container-core-columns-is-layout-9d6595d7 wp-block-columns-is-layout-flex\">\n<div class=\"wp-block-column is-layout-flow wp-block-column-is-layout-flow\">\n<p><br><strong>Hus\/G\u00f6mst\u00e4llen<\/strong><br>Varsitt hus beh\u00f6vs f\u00f6r att chinchillan ska k\u00e4nna sig trygg. Har man bara ett hus finns risken att det blir br\u00e5k om vem som ska vara i det. I det vilda s\u00f6ker chinchillan skydd i olika h\u00e5lor, s\u00e5 ett hus som kan efterlikna ett s\u00e5dant g\u00f6msle \u00e4r att f\u00f6redra. Storleken ska vara minst 30&#215;25 cm och 20 cm h\u00f6g enligt Jordbruksverkets regler.<br><br><strong>Burst\u00e4dning<\/strong><br>Stallstr\u00f6 \u00e4r ett vanligt bottenunderlag de flesta anv\u00e4nder men det \u00e4r s\u00e5klart en smaksak vad man f\u00f6redrar och trivs med. Anv\u00e4nder man sig av underlag i fleece b\u00f6r man noga g\u00e5 igenom dem dagligen s\u00e5 att de \u00e4r hela och de b\u00f6r bytas ut oftare \u00e4n en g\u00e5ng i veckan.<br>Jag st\u00e4dar var 7- 10e dag ungef\u00e4r, ibland oftare i de burar d\u00e4r jag h\u00e5ller mer \u00e4n 2 chinchillor. Hyllplanen sopas rena fr\u00e5n den h\u00e5rda avf\u00f6ringen vid behov. Kissar de mycket p\u00e5 hyllplanen beh\u00f6ver de ocks\u00e5 skrubbas\/torkas av oftare. N\u00e5n g\u00e5ng i m\u00e5naden g\u00f6r jag en rej\u00e4l skrubbning av buren och anv\u00e4nder d\u00e5 Virkon-s, samt sommartid str\u00f6r jag vid varje burst\u00e4d lite Stalosan i str\u00f6et f\u00f6r att motverka flugor, ammoniak och fungus. Matsk\u00e5l och vattenflaska b\u00f6r diskas ur regelbundet.<\/p>\n<\/div>\n\n\n\n<div class=\"wp-block-column is-layout-flow wp-block-column-is-layout-flow\">\n<p><br><strong>Badsand<\/strong><br>Chinchillan h\u00e5ller sig ren genom att flera g\u00e5nger om dagen rulla runt i finkornig sand.<br>De ska absolut <strong>inte <\/strong>badas i vatten (om det inte f\u00f6religger sjukdom\/\u00e5komma som kr\u00e4ver s\u00e5dan reng\u00f6ring) d\u00e5 deras p\u00e4ls \u00e4r s\u00e5 tjock och sv\u00e5r att f\u00e5 torr att de riskerar att bli sjuka av nedkylning det eller f\u00e5 fungus.<br>Det finns flera sorters sand p\u00e5 marknaden men tyv\u00e4rr \u00e4r m\u00e5nga av dem inte alls bra f\u00f6r chinchillan.<br><strong><a href=\"https:\/\/cosmoschinchillas.se\/badsand\/\">H\u00e4r<\/a> <\/strong>hittar du l\u00e4nkar till de m\u00e4rken vi rekommenderar.<br><br>R\u00e5dasand s\u00e4ljs i de flesta butiker och \u00e4r kvartsbaserad, och kvarts \u00e4r det absolut s\u00e4msta f\u00f6r chinchillan. Kvartskornen \u00e4r vassa och absorberar ingen smuts, de f\u00f6rst\u00f6r p\u00e4lsen och partiklarna som andas in kan inte kroppen g\u00f6ra sig av med och det \u00e4r oklart hur det i l\u00e4ngden p\u00e5verkar h\u00e4lsan hos s\u00e5v\u00e4l djur som m\u00e4nniska.<br>Den finkorniga mineralsanden har runda, por\u00f6sa korn som absorberar fetter och smuts ur p\u00e4lsen. Chinchillan reglerar sin temperatur med hj\u00e4lp av p\u00e4lsen s\u00e5 det \u00e4r oerh\u00f6rt viktigt att vi hj\u00e4lper dem h\u00e5lla sig rena.<br><\/p>\n<\/div>\n<\/div>\n\n\n\n<p><br><\/p>\n","protected":false},"excerpt":{"rendered":"<p>BurenJordbruksverket: Minsta till\u00e5tna bottenyta att h\u00e5lla 2 chinchillor p\u00e5 \u00e4r 0,5 kvm, och minsta till\u00e5tna h\u00f6jd \u00e4r 100 cm. Ingen sida av buren f\u00e5r vara kortare \u00e4n 50 cm. Buren ska heller inte st\u00e5 i drag, fukt eller f\u00f6r varmt, och absolut inte utomhus n\u00e5gon g\u00e5ng under \u00e5ret.Chinchillan har l\u00e4ttare f\u00f6r att bli f\u00f6r varm&#8230;<\/p>\n","protected":false},"author":1,"featured_media":0,"parent":0,"menu_order":0,"comment_status":"closed","ping_status":"closed","template":"","meta":{"_kad_post_transparent":"","_kad_post_title":"","_kad_post_layout":"","_kad_post_sidebar_id":"","_kad_post_content_style":"","_kad_post_vertical_padding":"","_kad_post_feature":"","_kad_post_feature_position":"","_kad_post_header":false,"_kad_post_footer":false,"_kad_post_classname":"","footnotes":""},"class_list":["post-649","page","type-page","status-publish","hentry"],"_links":{"self":[{"href":"https:\/\/www.cosmoschinchillas.se\/index.php?rest_route=\/wp\/v2\/pages\/649","targetHints":{"allow":["GET"]}}],"collection":[{"href":"https:\/\/www.cosmoschinchillas.se\/index.php?rest_route=\/wp\/v2\/pages"}],"about":[{"href":"https:\/\/www.cosmoschinchillas.se\/index.php?rest_route=\/wp\/v2\/types\/page"}],"author":[{"embeddable":true,"href":"https:\/\/www.cosmoschinchillas.se\/index.php?rest_route=\/wp\/v2\/users\/1"}],"replies":[{"embeddable":true,"href":"https:\/\/www.cosmoschinchillas.se\/index.php?rest_route=%2Fwp%2Fv2%2Fcomments&post=649"}],"version-history":[{"count":8,"href":"https:\/\/www.cosmoschinchillas.se\/index.php?rest_route=\/wp\/v2\/pages\/649\/revisions"}],"predecessor-version":[{"id":674,"href":"https:\/\/www.cosmoschinchillas.se\/index.php?rest_route=\/wp\/v2\/pages\/649\/revisions\/674"}],"wp:attachment":[{"href":"https:\/\/www.cosmoschinchillas.se\/index.php?rest_route=%2Fwp%2Fv2%2Fmedia&parent=649"}],"curies":[{"name":"wp","href":"https:\/\/api.w.org\/{rel}","templated":true}]}}