{"id":650,"date":"2025-01-28T11:48:53","date_gmt":"2025-01-28T10:48:53","guid":{"rendered":"https:\/\/cosmoschinchillas.se\/?page_id=650"},"modified":"2025-01-29T15:02:18","modified_gmt":"2025-01-29T14:02:18","slug":"kost","status":"publish","type":"page","link":"https:\/\/www.cosmoschinchillas.se\/?page_id=650","title":{"rendered":"Kost"},"content":{"rendered":"\n<figure class=\"wp-block-gallery has-nested-images columns-default is-cropped wp-block-gallery-1 is-layout-flex wp-block-gallery-is-layout-flex\">\n<figure class=\"wp-block-image size-large\"><img loading=\"lazy\" decoding=\"async\" width=\"1024\" height=\"683\" data-id=\"676\" src=\"https:\/\/cosmoschinchillas.se\/wp-content\/uploads\/2025\/01\/IMG_5689-1024x683.jpg\" alt=\"\" class=\"wp-image-676\" srcset=\"https:\/\/www.cosmoschinchillas.se\/wp-content\/uploads\/2025\/01\/IMG_5689-1024x683.jpg 1024w, https:\/\/www.cosmoschinchillas.se\/wp-content\/uploads\/2025\/01\/IMG_5689-300x200.jpg 300w, https:\/\/www.cosmoschinchillas.se\/wp-content\/uploads\/2025\/01\/IMG_5689-768x512.jpg 768w, https:\/\/www.cosmoschinchillas.se\/wp-content\/uploads\/2025\/01\/IMG_5689-1536x1024.jpg 1536w, https:\/\/www.cosmoschinchillas.se\/wp-content\/uploads\/2025\/01\/IMG_5689-2048x1365.jpg 2048w, https:\/\/www.cosmoschinchillas.se\/wp-content\/uploads\/2025\/01\/IMG_5689-600x400.jpg 600w, https:\/\/www.cosmoschinchillas.se\/wp-content\/uploads\/2025\/01\/IMG_5689-945x630.jpg 945w\" sizes=\"auto, (max-width: 1024px) 100vw, 1024px\" \/><\/figure>\n\n\n\n<figure class=\"wp-block-image size-large\"><img loading=\"lazy\" decoding=\"async\" width=\"1024\" height=\"683\" data-id=\"677\" src=\"https:\/\/cosmoschinchillas.se\/wp-content\/uploads\/2025\/01\/IMG_5446-1024x683.jpg\" alt=\"\" class=\"wp-image-677\" srcset=\"https:\/\/www.cosmoschinchillas.se\/wp-content\/uploads\/2025\/01\/IMG_5446-1024x683.jpg 1024w, https:\/\/www.cosmoschinchillas.se\/wp-content\/uploads\/2025\/01\/IMG_5446-300x200.jpg 300w, https:\/\/www.cosmoschinchillas.se\/wp-content\/uploads\/2025\/01\/IMG_5446-768x512.jpg 768w, https:\/\/www.cosmoschinchillas.se\/wp-content\/uploads\/2025\/01\/IMG_5446-1536x1024.jpg 1536w, https:\/\/www.cosmoschinchillas.se\/wp-content\/uploads\/2025\/01\/IMG_5446-2048x1365.jpg 2048w, https:\/\/www.cosmoschinchillas.se\/wp-content\/uploads\/2025\/01\/IMG_5446-600x400.jpg 600w, https:\/\/www.cosmoschinchillas.se\/wp-content\/uploads\/2025\/01\/IMG_5446-945x630.jpg 945w\" sizes=\"auto, (max-width: 1024px) 100vw, 1024px\" \/><\/figure>\n<\/figure>\n\n\n\n<div class=\"wp-block-columns is-layout-flex wp-container-core-columns-is-layout-9d6595d7 wp-block-columns-is-layout-flex\">\n<div class=\"wp-block-column is-layout-flow wp-block-column-is-layout-flow\">\n<p><strong>Foder<\/strong><br>Chinchillan ska \u00e4ta huvudsakligen ett bra h\u00f6, h\u00f6et ska vara gr\u00f6nt och lukta fr\u00e4scht. H\u00f6boll b\u00f6r undvikas helt d\u00e5 chinchillor har fastnat i dem, och m\u00e5nga varnar \u00e4ven f\u00f6r h\u00f6h\u00e4ck av samma sk\u00e4l.<br>Nytt h\u00f6 b\u00f6r ges varje dag, och gammalt h\u00f6\/h\u00f6rester st\u00e4das ur i samband med detta. P\u00e5 s\u00e5 s\u00e4tt stimuleras de att komma och \u00e4ta n\u00e4r det hela tiden finns nytt, fr\u00e4scht h\u00f6 i buren.<br>Ut\u00f6ver det beh\u00f6vs pellets f\u00f6r att chinchillan ska f\u00e5 i sig viktiga mineraler och vitaminer. M\u00e4sters chinchillapellets \u00e4r det foder som anses vara b\u00e4st h\u00e4r i Sverige.<\/p>\n<\/div>\n\n\n\n<div class=\"wp-block-column is-layout-flow wp-block-column-is-layout-flow\">\n<p><strong>Grenar att gnaga p\u00e5<\/strong><br>Chinchillans t\u00e4nder v\u00e4xer hela tiden, och medan h\u00f6et slipar kindt\u00e4nderna s\u00e5 \u00e4r det gnagandet p\u00e5 grenar, hyllplan och annat som h\u00e5ller framt\u00e4nderna i trim.<br>Grenarna beh\u00f6ver vara fria fr\u00e5n mossa\/lavar\/ohyra, en del sk\u00f6ljer dem i kokande vatten, andra torkar dem p\u00e5 l\u00e5g v\u00e4rme i ugn. Det viktiga \u00e4r att de \u00e4r helt torra innan de ges till chinchillan.<\/p>\n<\/div>\n<\/div>\n\n\n\n<figure class=\"wp-block-gallery has-nested-images columns-default is-cropped wp-block-gallery-2 is-layout-flex wp-block-gallery-is-layout-flex\">\n<figure class=\"wp-block-image size-large\"><img loading=\"lazy\" decoding=\"async\" width=\"1024\" height=\"683\" data-id=\"678\" src=\"https:\/\/cosmoschinchillas.se\/wp-content\/uploads\/2025\/01\/IMG_5390-1024x683.jpg\" alt=\"\" class=\"wp-image-678\" srcset=\"https:\/\/www.cosmoschinchillas.se\/wp-content\/uploads\/2025\/01\/IMG_5390-1024x683.jpg 1024w, https:\/\/www.cosmoschinchillas.se\/wp-content\/uploads\/2025\/01\/IMG_5390-300x200.jpg 300w, https:\/\/www.cosmoschinchillas.se\/wp-content\/uploads\/2025\/01\/IMG_5390-768x512.jpg 768w, https:\/\/www.cosmoschinchillas.se\/wp-content\/uploads\/2025\/01\/IMG_5390-1536x1024.jpg 1536w, https:\/\/www.cosmoschinchillas.se\/wp-content\/uploads\/2025\/01\/IMG_5390-2048x1365.jpg 2048w, https:\/\/www.cosmoschinchillas.se\/wp-content\/uploads\/2025\/01\/IMG_5390-600x400.jpg 600w, https:\/\/www.cosmoschinchillas.se\/wp-content\/uploads\/2025\/01\/IMG_5390-945x630.jpg 945w\" sizes=\"auto, (max-width: 1024px) 100vw, 1024px\" \/><\/figure>\n\n\n\n<figure class=\"wp-block-image size-large\"><img loading=\"lazy\" decoding=\"async\" width=\"1024\" height=\"735\" data-id=\"679\" src=\"https:\/\/cosmoschinchillas.se\/wp-content\/uploads\/2025\/01\/IMG_5462-1024x735.jpg\" alt=\"\" class=\"wp-image-679\" srcset=\"https:\/\/www.cosmoschinchillas.se\/wp-content\/uploads\/2025\/01\/IMG_5462-1024x735.jpg 1024w, https:\/\/www.cosmoschinchillas.se\/wp-content\/uploads\/2025\/01\/IMG_5462-300x215.jpg 300w, https:\/\/www.cosmoschinchillas.se\/wp-content\/uploads\/2025\/01\/IMG_5462-768x551.jpg 768w, https:\/\/www.cosmoschinchillas.se\/wp-content\/uploads\/2025\/01\/IMG_5462-1536x1103.jpg 1536w, https:\/\/www.cosmoschinchillas.se\/wp-content\/uploads\/2025\/01\/IMG_5462-2048x1470.jpg 2048w, https:\/\/www.cosmoschinchillas.se\/wp-content\/uploads\/2025\/01\/IMG_5462-600x431.jpg 600w, https:\/\/www.cosmoschinchillas.se\/wp-content\/uploads\/2025\/01\/IMG_5462-945x678.jpg 945w\" sizes=\"auto, (max-width: 1024px) 100vw, 1024px\" \/><\/figure>\n\n\n\n<figure class=\"wp-block-image size-large\"><img loading=\"lazy\" decoding=\"async\" width=\"1024\" height=\"683\" data-id=\"680\" src=\"https:\/\/cosmoschinchillas.se\/wp-content\/uploads\/2025\/01\/IMG_5720-1024x683.jpg\" alt=\"\" class=\"wp-image-680\" srcset=\"https:\/\/www.cosmoschinchillas.se\/wp-content\/uploads\/2025\/01\/IMG_5720-1024x683.jpg 1024w, https:\/\/www.cosmoschinchillas.se\/wp-content\/uploads\/2025\/01\/IMG_5720-300x200.jpg 300w, https:\/\/www.cosmoschinchillas.se\/wp-content\/uploads\/2025\/01\/IMG_5720-768x512.jpg 768w, https:\/\/www.cosmoschinchillas.se\/wp-content\/uploads\/2025\/01\/IMG_5720-1536x1024.jpg 1536w, https:\/\/www.cosmoschinchillas.se\/wp-content\/uploads\/2025\/01\/IMG_5720-2048x1365.jpg 2048w, https:\/\/www.cosmoschinchillas.se\/wp-content\/uploads\/2025\/01\/IMG_5720-600x400.jpg 600w, https:\/\/www.cosmoschinchillas.se\/wp-content\/uploads\/2025\/01\/IMG_5720-945x630.jpg 945w\" sizes=\"auto, (max-width: 1024px) 100vw, 1024px\" \/><\/figure>\n<\/figure>\n\n\n\n<div class=\"wp-block-columns is-layout-flex wp-container-core-columns-is-layout-9d6595d7 wp-block-columns-is-layout-flex\">\n<div class=\"wp-block-column is-layout-flow wp-block-column-is-layout-flow\">\n<p><br><strong>Godis<\/strong> till chinchilla \u00e4r ofta en riktig vattendelare \u2013 vissa ger inte alls, andra ger ibland, och alltf\u00f6r vanligt \u00e4r att man ger helt fel sorts godis.<br>Chinchillan \u00e4r k\u00e4nslig f\u00f6r fett och socker, deras mag och tarm-system \u00e4r gjorda f\u00f6r en fettsn\u00e5l, fiberrik diet. Man brukar s\u00e4ga att ett russin f\u00f6r chinchillan \u00e4r som en hamburgermeny f\u00f6r oss; m\u00e4ttande och utan den n\u00e4ring som kroppen beh\u00f6ver. N\u00f6tter, fr\u00f6er och torkad frukt b\u00f6r d\u00e4rf\u00f6r undvikas helt, f\u00f6r att undvika eventuella tandproblem och magsjukdomar. Om de inte \u00e4ter tillr\u00e4ckligt av sitt h\u00f6, som ska utg\u00f6ra 80% av basf\u00f6dan, riskerar man tandproblem vilket oftast \u00e4r en d\u00f6dsdom speciellt om det drabbar kindt\u00e4nderna, och \u00e4ter de f\u00f6r lite av sin pellets f\u00e5r de inte i sig det de beh\u00f6ver dagligen utav vitaminer och mineraler.<br>Jag brukar rekommendera att man ger en liten m\u00e4ngd godis n\u00e5n g\u00e5ng i veckan eller mer s\u00e4llan, de flesta ger tex en ruta kn\u00e4ckebr\u00f6d eller en bit johannesbr\u00f6d. Det finns \u00e4ven f\u00e4rdiga \u00f6rtmixer att k\u00f6pa, jag brukar str\u00f6 ut s\u00e5nt i deras h\u00f6 ett par g\u00e5nger i veckan speciellt under vintern. Viktigt att kolla inneh\u00e5llet i dessa d\u00e5 en del inneh\u00e5ller tex torkad morot, som inneh\u00e5ller fruktsocker vilket i f\u00f6r stor m\u00e4ngd blir skadligt. Jag f\u00f6redrar att g\u00f6ra en egen \u00f6rtmix av s\u00e5dant man kan hitta i naturen, d\u00e5 vet jag garanterat inneh\u00e5llet och sparar dessutom pengar.<\/p>\n<\/div>\n\n\n\n<div class=\"wp-block-column is-layout-flow wp-block-column-is-layout-flow\">\n<p><br><strong>H\u00f6 \u00e4r det absolut viktigaste<\/strong> i chinchillans kost och f\u00e5r inte slarvas med. H\u00f6 kan heller inte ers\u00e4ttas.<br>Chinchillans t\u00e4nder v\u00e4xer oavbrutet och medan vi ger dem pinnar och annat material att gnaga p\u00e5 f\u00f6r att trimma ned framt\u00e4nderna s\u00e5 \u00e4r det tuggandet av h\u00f6 som hj\u00e4lper till att slipa kindt\u00e4nderna. En chinchilla som inte \u00e4ter tillr\u00e4ckligt med h\u00f6 riskerar att drabbas av tandproblem, och ofta leder det till d\u00f6den. <br>  N\u00e4r chinchillan tuggar s\u00e5 maler kindt\u00e4nderna emot varandra vilket g\u00f6r att de slipas ner. Om chinchillan \u00e4ter f\u00f6r lite h\u00f6 eller h\u00f6 som \u00e4r f\u00f6r fint eller smuligt, s\u00e5 maler inte t\u00e4nderna emot varandra s\u00e5 som de ska och ganska snart b\u00f6rjar de v\u00e4xa och bildar en oj\u00e4mn tuggyta som g\u00f6r det obehagligt och ibland \u00e4ven sm\u00e4rtsamt f\u00f6r chinchillan n\u00e4r den tuggar. Tillslut kommer den v\u00e4lja att sluta \u00e4ta helt pga sm\u00e4rtan och l\u00e5ngsamt sv\u00e4lta sig sj\u00e4lv till d\u00f6ds om ingenting g\u00f6rs innan dess.<br>  Ofta b\u00f6rjar \u00e4ven tandr\u00f6tterna v\u00e4xa och tr\u00e4nga ut  genom k\u00e4kbenen b\u00e5de uppe och nere vilket kan ge rinnande \u00f6gon n\u00e4r r\u00f6tterna p\u00e5verkar \u00f6gonh\u00e5lan, rinnig nos n\u00e4r de p\u00e5verkar nosh\u00e5lan, och \u00e4n mer dregel samt att man kan k\u00e4nna som sm\u00e5 taggar i k\u00e4kbenet n\u00e4r r\u00f6tterna b\u00f6jar tr\u00e4nga ut \u00e4ven d\u00e4r. N\u00e4r r\u00f6tterna v\u00e4l b\u00f6rjat v\u00e4xa finns det ingenting annat att g\u00f6ra \u00e4n l\u00e5ta chinchillan somna in.<br><\/p>\n<\/div>\n<\/div>\n\n\n\n<p><\/p>\n\n\n\n<p><\/p>\n","protected":false},"excerpt":{"rendered":"<p>FoderChinchillan ska \u00e4ta huvudsakligen ett bra h\u00f6, h\u00f6et ska vara gr\u00f6nt och lukta fr\u00e4scht. H\u00f6boll b\u00f6r undvikas helt d\u00e5 chinchillor har fastnat i dem, och m\u00e5nga varnar \u00e4ven f\u00f6r h\u00f6h\u00e4ck av samma sk\u00e4l.Nytt h\u00f6 b\u00f6r ges varje dag, och gammalt h\u00f6\/h\u00f6rester st\u00e4das ur i samband med detta. P\u00e5 s\u00e5 s\u00e4tt stimuleras de att komma och&#8230;<\/p>\n","protected":false},"author":1,"featured_media":0,"parent":0,"menu_order":0,"comment_status":"closed","ping_status":"closed","template":"","meta":{"_kad_post_transparent":"","_kad_post_title":"","_kad_post_layout":"","_kad_post_sidebar_id":"","_kad_post_content_style":"","_kad_post_vertical_padding":"","_kad_post_feature":"","_kad_post_feature_position":"","_kad_post_header":false,"_kad_post_footer":false,"_kad_post_classname":"","footnotes":""},"class_list":["post-650","page","type-page","status-publish","hentry"],"_links":{"self":[{"href":"https:\/\/www.cosmoschinchillas.se\/index.php?rest_route=\/wp\/v2\/pages\/650","targetHints":{"allow":["GET"]}}],"collection":[{"href":"https:\/\/www.cosmoschinchillas.se\/index.php?rest_route=\/wp\/v2\/pages"}],"about":[{"href":"https:\/\/www.cosmoschinchillas.se\/index.php?rest_route=\/wp\/v2\/types\/page"}],"author":[{"embeddable":true,"href":"https:\/\/www.cosmoschinchillas.se\/index.php?rest_route=\/wp\/v2\/users\/1"}],"replies":[{"embeddable":true,"href":"https:\/\/www.cosmoschinchillas.se\/index.php?rest_route=%2Fwp%2Fv2%2Fcomments&post=650"}],"version-history":[{"count":3,"href":"https:\/\/www.cosmoschinchillas.se\/index.php?rest_route=\/wp\/v2\/pages\/650\/revisions"}],"predecessor-version":[{"id":683,"href":"https:\/\/www.cosmoschinchillas.se\/index.php?rest_route=\/wp\/v2\/pages\/650\/revisions\/683"}],"wp:attachment":[{"href":"https:\/\/www.cosmoschinchillas.se\/index.php?rest_route=%2Fwp%2Fv2%2Fmedia&parent=650"}],"curies":[{"name":"wp","href":"https:\/\/api.w.org\/{rel}","templated":true}]}}