{"id":803,"date":"2025-03-28T09:14:33","date_gmt":"2025-03-28T08:14:33","guid":{"rendered":"https:\/\/cosmoschinchillas.se\/?page_id=803"},"modified":"2025-04-30T15:07:33","modified_gmt":"2025-04-30T13:07:33","slug":"kopevillkor","status":"publish","type":"page","link":"https:\/\/www.cosmoschinchillas.se\/?page_id=803","title":{"rendered":"K\u00f6pvillkor"},"content":{"rendered":"\n<p><strong>Vid k\u00f6p av chinchilla fr\u00e5n mig ing\u00e5r alltid:<br><\/strong>&#8211; stamtavla eller registreringsbevis<br>&#8211; k\u00f6peavtal<br>&#8211; informationsblad<br>&#8211; livsl\u00e5ng support <br>&#8211; h\u00e4ngmatta, \u00f6rtmix, \u00e4pplegrenar<br><br><strong>Krav:<br><\/strong>&#8211; du som k\u00f6per ska vara \u00f6ver 18 \u00e5r eller ha med m\u00e5lsman som d\u00e5 kommer st\u00e5 som ny \u00e4gare<br>&#8211; jag s\u00e4ljer ingen chinchilla om den inte kommer f\u00e5 en kompis i sitt nya hem<br>&#8211; ungar s\u00e4ljs vid 10 veckors \u00e5lder (undantag fr\u00e5n 9 veckor kan g\u00f6ras om de flyttar med eller till en vuxen chinchilla)<br>&#8211; jag tar ut en tingavgift p\u00e5 ca 25% av totalsumman (undantag kan g\u00f6ras om du planerar att h\u00e4mta chinchillan inom 7 dagar, eller om chinchillan inte ligger ute p\u00e5 annons)<br>&#8211; om du inte l\u00e4ngre kan ha kvar en chinchilla du k\u00f6pt av mig ska jag kontaktas, har jag m\u00f6jlighet tar jag d\u00e5 tillbaka chinchillan (kostnadsfritt). Detta st\u00e5r i avtalet du skriver under vid k\u00f6p.<br>&#8211; vid k\u00f6p har du m\u00f6jlighet att f\u00e5 1 \u00e5rs gratis medlemskap i f\u00f6reningen CAS om du \u00f6nskar<br>&#8211; k\u00f6listan inneb\u00e4r inte att f\u00f6rst p\u00e5 tur f\u00e5r k\u00f6pa chinchillor, jag matchar r\u00e4tt individ med r\u00e4tt hem<br><\/p>\n","protected":false},"excerpt":{"rendered":"<p>Vid k\u00f6p av chinchilla fr\u00e5n mig ing\u00e5r alltid:&#8211; stamtavla eller registreringsbevis&#8211; k\u00f6peavtal&#8211; informationsblad&#8211; livsl\u00e5ng support &#8211; h\u00e4ngmatta, \u00f6rtmix, \u00e4pplegrenar Krav:&#8211; du som k\u00f6per ska vara \u00f6ver 18 \u00e5r eller ha med m\u00e5lsman som d\u00e5 kommer st\u00e5 som ny \u00e4gare&#8211; jag s\u00e4ljer ingen chinchilla om den inte kommer f\u00e5 en kompis i sitt nya hem&#8211; ungar&#8230;<\/p>\n","protected":false},"author":1,"featured_media":0,"parent":0,"menu_order":0,"comment_status":"closed","ping_status":"closed","template":"","meta":{"_kad_post_transparent":"","_kad_post_title":"","_kad_post_layout":"","_kad_post_sidebar_id":"","_kad_post_content_style":"","_kad_post_vertical_padding":"","_kad_post_feature":"","_kad_post_feature_position":"","_kad_post_header":false,"_kad_post_footer":false,"_kad_post_classname":"","footnotes":""},"class_list":["post-803","page","type-page","status-publish","hentry"],"_links":{"self":[{"href":"https:\/\/www.cosmoschinchillas.se\/index.php?rest_route=\/wp\/v2\/pages\/803","targetHints":{"allow":["GET"]}}],"collection":[{"href":"https:\/\/www.cosmoschinchillas.se\/index.php?rest_route=\/wp\/v2\/pages"}],"about":[{"href":"https:\/\/www.cosmoschinchillas.se\/index.php?rest_route=\/wp\/v2\/types\/page"}],"author":[{"embeddable":true,"href":"https:\/\/www.cosmoschinchillas.se\/index.php?rest_route=\/wp\/v2\/users\/1"}],"replies":[{"embeddable":true,"href":"https:\/\/www.cosmoschinchillas.se\/index.php?rest_route=%2Fwp%2Fv2%2Fcomments&post=803"}],"version-history":[{"count":2,"href":"https:\/\/www.cosmoschinchillas.se\/index.php?rest_route=\/wp\/v2\/pages\/803\/revisions"}],"predecessor-version":[{"id":808,"href":"https:\/\/www.cosmoschinchillas.se\/index.php?rest_route=\/wp\/v2\/pages\/803\/revisions\/808"}],"wp:attachment":[{"href":"https:\/\/www.cosmoschinchillas.se\/index.php?rest_route=%2Fwp%2Fv2%2Fmedia&parent=803"}],"curies":[{"name":"wp","href":"https:\/\/api.w.org\/{rel}","templated":true}]}}