{"id":809,"date":"2025-03-28T09:21:44","date_gmt":"2025-03-28T08:21:44","guid":{"rendered":"https:\/\/cosmoschinchillas.se\/?page_id=809"},"modified":"2025-04-28T18:51:09","modified_gmt":"2025-04-28T16:51:09","slug":"omplacering","status":"publish","type":"page","link":"https:\/\/www.cosmoschinchillas.se\/?page_id=809","title":{"rendered":"Omplacering"},"content":{"rendered":"\n<p><strong>Beh\u00f6ver du omplacera din chinchilla?<\/strong><br>I m\u00e5n av plats f\u00f6rs\u00f6ker jag ta emot de chinchillor som \u00e4r i akut behov av nytt hem. Jag g\u00f6r detta kostnadsfritt, vilket inneb\u00e4r att jag inte k\u00f6per n\u00e5gra djur. Jag hj\u00e4lper till med transport s\u00e5 gott jag kan och tipsar \u00e4ven om att du sj\u00e4lv kan s\u00f6ka transporthj\u00e4lp i tex Djurtransporthj\u00e4lpen p\u00e5 Facebook.<br>Jag f\u00f6redrar naturligtvis att du \u00e4r s\u00e5 \u00e4rlig som m\u00f6jligt och ber\u00e4ttar varf\u00f6r du beh\u00f6ver omplacera, hur chinchillan levt hos dig, hur l\u00e4nge du \u00e4gt chinchillan, all t\u00e4nkbar information du kan ha om chinchillans ursprung. Detta f\u00f6r att jag ska veta om jag beh\u00f6ver se upp f\u00f6r tandfel, om chinchillan \u00e4r skygg eller aggressiv, om chinchillan kan beh\u00f6va bo ensam, om chinchillan har flyttat runt mycket mellan olika hem, om den ursprungligen kan ha kommit fr\u00e5n en uppf\u00f6dare eller \u00e4r k\u00f6pt i djuraff\u00e4r.<br>Jag beh\u00f6ver ocks\u00e5 veta detta ifall det \u00e4r s\u00e5 att jag inte har plats hos mig men vill hj\u00e4lpa till att hitta ett hem hos n\u00e5gon annan, som d\u00e5 kommer beh\u00f6va den h\u00e4r informationen.<br><br>I m\u00e5n av plats tar jag \u00e4ven tillbaka de chinchillor jag tidigare s\u00e5lt om behov finns. Samma regel g\u00e4ller h\u00e4r \u2013 jag k\u00f6per inte tillbaka n\u00e5gra djur.<br>Anledningen till detta \u00e4r enkel: Det kostar mig att ta emot eller ta tillbaka chinchillor. Det kostar tid, plats och pengar. Jag kan heller inte s\u00e4lja mina egna uppf\u00f6dningar till normalpris efter att de har kommit tillbaka utan d\u00e5 g\u00e4ller omplaceringsavgift, eftersom jag inte kan garantera hur djuret har sk\u00f6ts om under tiden det bott borta.<br>Det spelar ingen roll om du \u00e4gt djuret en m\u00e5nad eller ett \u00e5r, den h\u00e4r principen g\u00e4ller oavsett, och dessutom \u00e4r det min personliga \u00e5sikt att om man verkligen \u00e4r i behov av att finna nytt hem till sina djur, oavsett orsak, s\u00e5 \u00e4r det inte djurets uppf\u00f6dare som ska beh\u00f6va betala om denne erbjuder plats, d\u00e5 det inte \u00e4r uppf\u00f6daren som med en symbolisk summa ska visa p\u00e5 att den \u00e4r seri\u00f6s och har t\u00e4nkt igenom sitt beslut.<br><br>Jag har ocks\u00e5 medvetet valt att inte ta en avgift f\u00f6r att ta emot omplaceringar, utan erbjuder dem ett hem f\u00f6r att minska p\u00e5 antalet chinchillor som annars kan tvingas flytta runt mellan flera olika hem, s\u00e5 kallade \u201dvandringspokaler\u201d, eftersom det tar enormt mycket p\u00e5 chinchillor att st\u00e4ndigt byta hem och \u00e4gare.<br>Majoriteten av djuren jag tar emot blir faktiskt kvar h\u00e4r livet ut.<br><br><strong>Hur g\u00e5r det till:<\/strong><br>&#8211; n\u00e4r chinchillan kommer hit f\u00e5r den en fungus-behandling (badsand med svavelpulver och pevaryl)<br>&#8211; jag g\u00f6r en yttre h\u00e4lsocheck f\u00f6r att se om det finns n\u00e5gra tecken p\u00e5 skador eller sjukdom som kr\u00e4ver veterin\u00e4rv\u00e5rd, chinchillan blir v\u00e4gd och s\u00e4tts p\u00e5 enkel h\u00f6-diet f\u00f6rsta dagarna (\u00e4r chinchillan mager g\u00f6rs undantag)<br>&#8211; chinchillan s\u00e4tts i karant\u00e4n och h\u00e5lls under observation de f\u00f6rsta veckorna<br>&#8211; om chinchillan saknar k\u00e4nd bakgrund, stamtavla eller andra papper registreras den som PET i f\u00f6reningen CAS och f\u00e5r ett regbevis d\u00e4r k\u00f6n, f\u00e4rg, ungef\u00e4rlig \u00e5lder och annan information listas (tidigare \u00e4gare listas ej)<br>&#8211; bed\u00f6ms chinchillan vara i bra skick kan den tas med till utst\u00e4llning f\u00f6r vidare bed\u00f6mning<br>&#8211; chinchillan f\u00e5r stanna h\u00e4r s\u00e5 l\u00e4nge den beh\u00f6ver, bed\u00f6mer jag att den skulle m\u00e5 b\u00e4ttre i ett s\u00e4llskapshem omplaceras den<br><br><strong>Att k\u00f6pa omplacering fr\u00e5n mig:<\/strong><br>&#8211; omplaceringsavgift 500 kr oavsett chinchillan har k\u00e4nd bakgrund eller ej, g\u00e4ller \u00e4ven de som kommer fr\u00e5n min egen uppf\u00f6dning och som flyttat tillbaka efter en tid i annat hem.<br>Detta d\u00e5 jag inte kan garantera att chinchillan f\u00e5tt korrekt sk\u00f6tsel eller kost under tiden den varit borta och d\u00e4rmed inte kan garantera nya hemmet att chinchillan inte kommer utveckla tandfel eller andra problem<br>&#8211; du \u00e4r \u00f6ver 18 \u00e5r<br>&#8211; du b\u00f6r ha erfarenhet av att ha tagit hand om omplaceringar tidigare, du b\u00f6r vara p\u00e5l\u00e4st om beteende, sjukdomar och \u00e5kommor<br>&#8211; du ska vara beredd att beh\u00e5lla chinchillan restens av chillans liv, annars ska chinchillan tillbaka hit om inget annat \u00e4r sagt mellan dig och mig (tydlig plan ska finnas)<br>&#8211; chinchillan f\u00e5r inte avlas p\u00e5<br>&#8211; k\u00f6peavtal ska skrivas p\u00e5 av myndig person<\/p>\n\n\n\n<p><br><br><br><\/p>\n","protected":false},"excerpt":{"rendered":"<p>Beh\u00f6ver du omplacera din chinchilla?I m\u00e5n av plats f\u00f6rs\u00f6ker jag ta emot de chinchillor som \u00e4r i akut behov av nytt hem. Jag g\u00f6r detta kostnadsfritt, vilket inneb\u00e4r att jag inte k\u00f6per n\u00e5gra djur. Jag hj\u00e4lper till med transport s\u00e5 gott jag kan och tipsar \u00e4ven om att du sj\u00e4lv kan s\u00f6ka transporthj\u00e4lp i tex&#8230;<\/p>\n","protected":false},"author":1,"featured_media":0,"parent":0,"menu_order":0,"comment_status":"closed","ping_status":"closed","template":"","meta":{"_kad_post_transparent":"","_kad_post_title":"","_kad_post_layout":"","_kad_post_sidebar_id":"","_kad_post_content_style":"","_kad_post_vertical_padding":"","_kad_post_feature":"","_kad_post_feature_position":"","_kad_post_header":false,"_kad_post_footer":false,"_kad_post_classname":"","footnotes":""},"class_list":["post-809","page","type-page","status-publish","hentry"],"_links":{"self":[{"href":"https:\/\/www.cosmoschinchillas.se\/index.php?rest_route=\/wp\/v2\/pages\/809","targetHints":{"allow":["GET"]}}],"collection":[{"href":"https:\/\/www.cosmoschinchillas.se\/index.php?rest_route=\/wp\/v2\/pages"}],"about":[{"href":"https:\/\/www.cosmoschinchillas.se\/index.php?rest_route=\/wp\/v2\/types\/page"}],"author":[{"embeddable":true,"href":"https:\/\/www.cosmoschinchillas.se\/index.php?rest_route=\/wp\/v2\/users\/1"}],"replies":[{"embeddable":true,"href":"https:\/\/www.cosmoschinchillas.se\/index.php?rest_route=%2Fwp%2Fv2%2Fcomments&post=809"}],"version-history":[{"count":3,"href":"https:\/\/www.cosmoschinchillas.se\/index.php?rest_route=\/wp\/v2\/pages\/809\/revisions"}],"predecessor-version":[{"id":877,"href":"https:\/\/www.cosmoschinchillas.se\/index.php?rest_route=\/wp\/v2\/pages\/809\/revisions\/877"}],"wp:attachment":[{"href":"https:\/\/www.cosmoschinchillas.se\/index.php?rest_route=%2Fwp%2Fv2%2Fmedia&parent=809"}],"curies":[{"name":"wp","href":"https:\/\/api.w.org\/{rel}","templated":true}]}}